{"id":1542,"date":"2022-08-04T05:37:29","date_gmt":"2022-08-04T05:37:29","guid":{"rendered":"https:\/\/www.supercargo.brandingsolutions.com.co\/?page_id=1542"},"modified":"2022-08-26T04:07:25","modified_gmt":"2022-08-26T04:07:25","slug":"solicitar-cotizacion","status":"publish","type":"page","link":"https:\/\/www.supercargo.com.co\/?page_id=1542","title":{"rendered":"Solicitar Cotizaci\u00f3n"},"content":{"rendered":"\t\t<div data-elementor-type=\"wp-page\" data-elementor-id=\"1542\" class=\"elementor elementor-1542\">\n\t\t\t\t\t\t<section class=\"elementor-section elementor-top-section elementor-element elementor-element-e411e95 elementor-section-full_width elementor-section-stretched elementor-section-height-default elementor-section-height-default jltma-glass-effect-no\" data-id=\"e411e95\" data-element_type=\"section\" data-e-type=\"section\" data-settings=\"{&quot;background_background&quot;:&quot;classic&quot;,&quot;stretch_section&quot;:&quot;section-stretched&quot;}\">\n\t\t\t\t\t\t<div class=\"elementor-container elementor-column-gap-default\">\n\t\t\t\t\t<div class=\"elementor-column elementor-col-100 elementor-top-column elementor-element elementor-element-1a4a5e4 jltma-glass-effect-no\" data-id=\"1a4a5e4\" data-element_type=\"column\" data-e-type=\"column\">\n\t\t\t<div class=\"elementor-widget-wrap elementor-element-populated\">\n\t\t\t\t\t\t<div class=\"elementor-element elementor-element-70c0a51 premium-title-icon-column premium-title-center premium-title-icon-column premium-title-color jltma-glass-effect-no elementor-widget elementor-widget-premium-addon-title\" data-id=\"70c0a51\" data-element_type=\"widget\" data-e-type=\"widget\" data-widget_type=\"premium-addon-title.default\">\n\t\t\t\t<div class=\"elementor-widget-container\">\n\t\t\t\t\t\n\t\t<div class=\"premium-title-container style3\">\n\t\t\t<h2 class=\"premium-title-header premium-title-style3\">\n\t\t\t\t\n\t\t\t\t\t\t\t\t\t\t\t\t\t\t\t<i class=\"premium-title-icon premium-svg-nodraw premium-drawable-icon im im-file-o\" aria-hidden=\"true\"><\/i>\n\t\t\t\t\t\t\t\t\t\n\t\t\t\t\t\t\t\t\t\t\t\t<span class=\"premium-title-text\">\n\t\t\t\t\tsolicitar cotizaci\u00f3n\t\t\t\t<\/span>\n\t\t\t\t\t\n\t\t\t\t\t\t\t\t\n\t\t\t\t\t\t\t<\/h2>\n\n\t\t<\/div>\n\n\t\t\t\t\t\t<\/div>\n\t\t\t\t<\/div>\n\t\t\t\t<div class=\"elementor-element elementor-element-c342ad5 elementor-widget-divider--separator-type-pattern elementor-widget-divider--no-spacing elementor-widget-divider--view-line jltma-glass-effect-no elementor-widget elementor-widget-divider\" data-id=\"c342ad5\" data-element_type=\"widget\" data-e-type=\"widget\" data-widget_type=\"divider.default\">\n\t\t\t\t<div class=\"elementor-widget-container\">\n\t\t\t\t\t\t\t<div class=\"elementor-divider\" style=\"--divider-pattern-url: url(&quot;data:image\/svg+xml,%3Csvg xmlns=&#039;http:\/\/www.w3.org\/2000\/svg&#039; preserveAspectRatio=&#039;none&#039; overflow=&#039;visible&#039; height=&#039;100%&#039; viewBox=&#039;0 0 24 24&#039; fill=&#039;black&#039; stroke=&#039;none&#039;%3E%3Cpath d=&#039;M24,8v12H0V8H24z M24,4v1H0V4H24z&#039;\/%3E%3C\/svg%3E&quot;);\">\n\t\t\t<span class=\"elementor-divider-separator\">\n\t\t\t\t\t\t<\/span>\n\t\t<\/div>\n\t\t\t\t\t\t<\/div>\n\t\t\t\t<\/div>\n\t\t\t\t<div class=\"elementor-element elementor-element-6994e5b jltma-glass-effect-no elementor-widget elementor-widget-heading\" data-id=\"6994e5b\" data-element_type=\"widget\" data-e-type=\"widget\" data-widget_type=\"heading.default\">\n\t\t\t\t<div class=\"elementor-widget-container\">\n\t\t\t\t\t<h2 class=\"elementor-heading-title elementor-size-default\">Por favor diligencia el siguiente formulario con los datos de tu requerimiento, un asesor se comunicar\u00e1 contigo a la mayor brevedad<\/h2>\t\t\t\t<\/div>\n\t\t\t\t<\/div>\n\t\t\t\t<section class=\"elementor-section elementor-inner-section elementor-element elementor-element-498273c elementor-reverse-mobile elementor-section-boxed elementor-section-height-default elementor-section-height-default jltma-glass-effect-no\" data-id=\"498273c\" data-element_type=\"section\" data-e-type=\"section\">\n\t\t\t\t\t\t<div class=\"elementor-container elementor-column-gap-no\">\n\t\t\t\t\t<div class=\"elementor-column elementor-col-100 elementor-inner-column elementor-element elementor-element-70ea48a jltma-glass-effect-no\" data-id=\"70ea48a\" data-element_type=\"column\" data-e-type=\"column\" data-settings=\"{&quot;background_background&quot;:&quot;classic&quot;}\">\n\t\t\t<div class=\"elementor-widget-wrap elementor-element-populated\">\n\t\t\t\t\t\t<div class=\"elementor-element elementor-element-f6ddbd9 jltma-wpforms-labels-yes jltma-wpforms-form-button-custom jltma-glass-effect-no elementor-widget elementor-widget-ma-wpforms jltma-addon ma-wpforms\" data-id=\"f6ddbd9\" data-element_type=\"widget\" data-e-type=\"widget\" data-widget_type=\"ma-wpforms.default\">\n\t\t\t\t<div class=\"elementor-widget-container\">\n\t\t\t\t\t\t\t\t\t<div class=\"jltma-contact-form jltma-wpforms ma-cf ma-cf-1\">\n\t\t\t\t\t\t\t\t\t\t<div class=\"wpforms-container wpforms-container-full\" id=\"wpforms-2105\"><form id=\"wpforms-form-2105\" class=\"wpforms-validate wpforms-form wpforms-ajax-form\" data-formid=\"2105\" method=\"post\" enctype=\"multipart\/form-data\" action=\"\/index.php?rest_route=%2Fwp%2Fv2%2Fpages%2F1542\" data-token=\"6bb6f33b185990d45b17c4ef8de7a960\" data-token-time=\"1776316629\"><noscript class=\"wpforms-error-noscript\">Por favor, activa JavaScript en tu navegador para completar este formulario.<\/noscript><div class=\"wpforms-field-container\"><div id=\"wpforms-2105-field_0-container\" class=\"wpforms-field wpforms-field-name\" data-field-id=\"0\"><label class=\"wpforms-field-label\" for=\"wpforms-2105-field_0\">Raz\u00f3n Social <span class=\"wpforms-required-label\">*<\/span><\/label><input type=\"text\" id=\"wpforms-2105-field_0\" class=\"wpforms-field-medium wpforms-field-required\" name=\"wpforms[fields][0]\" required><\/div><div id=\"wpforms-2105-field_3-container\" class=\"wpforms-field wpforms-field-name\" data-field-id=\"3\"><label class=\"wpforms-field-label\" for=\"wpforms-2105-field_3\">Contacto <span class=\"wpforms-required-label\">*<\/span><\/label><input type=\"text\" id=\"wpforms-2105-field_3\" class=\"wpforms-field-medium wpforms-field-required\" name=\"wpforms[fields][3]\" required><\/div><div id=\"wpforms-2105-field_1-container\" class=\"wpforms-field wpforms-field-email\" data-field-id=\"1\"><label class=\"wpforms-field-label\" for=\"wpforms-2105-field_1\">Correo electr\u00f3nico <span class=\"wpforms-required-label\">*<\/span><\/label><input type=\"email\" id=\"wpforms-2105-field_1\" class=\"wpforms-field-medium wpforms-field-required\" name=\"wpforms[fields][1]\" spellcheck=\"false\" required><\/div><div id=\"wpforms-2105-field_4-container\" class=\"wpforms-field wpforms-field-number\" data-field-id=\"4\"><label class=\"wpforms-field-label\" for=\"wpforms-2105-field_4\">Tel\u00e9fono <span class=\"wpforms-required-label\">*<\/span><\/label><input type=\"number\" id=\"wpforms-2105-field_4\" class=\"wpforms-field-medium wpforms-field-required\" name=\"wpforms[fields][4]\" step=\"any\" required><\/div><div id=\"wpforms-2105-field_5-container\" class=\"wpforms-field wpforms-field-text\" data-field-id=\"5\"><label class=\"wpforms-field-label\" for=\"wpforms-2105-field_5\">Or\u00edgen <span class=\"wpforms-required-label\">*<\/span><\/label><input type=\"text\" id=\"wpforms-2105-field_5\" class=\"wpforms-field-medium wpforms-field-required\" name=\"wpforms[fields][5]\" required><\/div><div id=\"wpforms-2105-field_6-container\" class=\"wpforms-field wpforms-field-text\" data-field-id=\"6\"><label class=\"wpforms-field-label\" for=\"wpforms-2105-field_6\">Destino <span class=\"wpforms-required-label\">*<\/span><\/label><input type=\"text\" id=\"wpforms-2105-field_6\" class=\"wpforms-field-medium wpforms-field-required\" name=\"wpforms[fields][6]\" required><\/div><div id=\"wpforms-2105-field_7-container\" class=\"wpforms-field wpforms-field-text\" data-field-id=\"7\"><label class=\"wpforms-field-label\" for=\"wpforms-2105-field_7\">Valor de la mercanc\u00eda <span class=\"wpforms-required-label\">*<\/span><\/label><input type=\"text\" id=\"wpforms-2105-field_7\" class=\"wpforms-field-medium wpforms-field-required\" name=\"wpforms[fields][7]\" required><\/div><div id=\"wpforms-2105-field_8-container\" class=\"wpforms-field wpforms-field-text\" data-field-id=\"8\"><label class=\"wpforms-field-label\" for=\"wpforms-2105-field_8\">Tipo\/Naturaleza del producto <span class=\"wpforms-required-label\">*<\/span><\/label><input type=\"text\" id=\"wpforms-2105-field_8\" class=\"wpforms-field-medium wpforms-field-required\" name=\"wpforms[fields][8]\" required><\/div><div id=\"wpforms-2105-field_9-container\" class=\"wpforms-field wpforms-field-text\" data-field-id=\"9\"><label class=\"wpforms-field-label\" for=\"wpforms-2105-field_9\">Peso cargable (kg) <span class=\"wpforms-required-label\">*<\/span><\/label><input type=\"text\" id=\"wpforms-2105-field_9\" class=\"wpforms-field-medium wpforms-field-required\" name=\"wpforms[fields][9]\" required><\/div><div id=\"wpforms-2105-field_10-container\" class=\"wpforms-field wpforms-field-text\" data-field-id=\"10\"><label class=\"wpforms-field-label\" for=\"wpforms-2105-field_10\">Vol\u00famen (m3) <span class=\"wpforms-required-label\">*<\/span><\/label><input type=\"text\" id=\"wpforms-2105-field_10\" class=\"wpforms-field-medium wpforms-field-required\" name=\"wpforms[fields][10]\" required><\/div><div id=\"wpforms-2105-field_11-container\" class=\"wpforms-field wpforms-field-text\" data-field-id=\"11\"><label class=\"wpforms-field-label\" for=\"wpforms-2105-field_11\">No. Piezas <span class=\"wpforms-required-label\">*<\/span><\/label><input type=\"text\" id=\"wpforms-2105-field_11\" class=\"wpforms-field-medium wpforms-field-required\" name=\"wpforms[fields][11]\" required><\/div><div id=\"wpforms-2105-field_12-container\" class=\"wpforms-field wpforms-field-text\" data-field-id=\"12\"><label class=\"wpforms-field-label\" for=\"wpforms-2105-field_12\">Incoterm <span class=\"wpforms-required-label\">*<\/span><\/label><input type=\"text\" id=\"wpforms-2105-field_12\" class=\"wpforms-field-medium wpforms-field-required\" name=\"wpforms[fields][12]\" required><\/div><div id=\"wpforms-2105-field_13-container\" class=\"wpforms-field wpforms-field-text\" data-field-id=\"13\"><label class=\"wpforms-field-label\" for=\"wpforms-2105-field_13\">Tipo de contenedor <span class=\"wpforms-required-label\">*<\/span><\/label><input type=\"text\" id=\"wpforms-2105-field_13\" class=\"wpforms-field-medium wpforms-field-required\" name=\"wpforms[fields][13]\" required><\/div><div id=\"wpforms-2105-field_15-container\" class=\"wpforms-field wpforms-field-select wpforms-field-select-style-classic\" data-field-id=\"15\"><label class=\"wpforms-field-label\" for=\"wpforms-2105-field_15\">Servicio <span class=\"wpforms-required-label\">*<\/span><\/label><select id=\"wpforms-2105-field_15\" class=\"wpforms-field-medium wpforms-field-required\" name=\"wpforms[fields][15]\" required=\"required\"><option value=\"\" class=\"placeholder\" disabled  selected='selected'>Selecciona<\/option><option value=\"EA\"  class=\"choice-1 depth-1\"  >EA<\/option><option value=\"IA\"  class=\"choice-2 depth-1\"  >IA<\/option><option value=\"IMLCL\"  class=\"choice-3 depth-1\"  >IMLCL<\/option><option value=\"IMFCL\"  class=\"choice-4 depth-1\"  >IMFCL<\/option><option value=\"EMLCL\"  class=\"choice-5 depth-1\"  >EMLCL<\/option><option value=\"EMFCL\"  class=\"choice-6 depth-1\"  >EMFCL<\/option><option value=\"TN\"  class=\"choice-7 depth-1\"  >TN<\/option><option value=\"OTM\"  class=\"choice-8 depth-1\"  >OTM<\/option><\/select><\/div><\/div><!-- .wpforms-field-container --><div class=\"wpforms-recaptcha-container wpforms-is-recaptcha wpforms-is-recaptcha-type-v2\" ><div class=\"g-recaptcha\" data-sitekey=\"6Lfx-vkqAAAAAF-kLmCMyFXsaU2q4Lrx-S7C0n69\"><\/div><input type=\"text\" name=\"g-recaptcha-hidden\" class=\"wpforms-recaptcha-hidden\" style=\"position:absolute!important;clip:rect(0,0,0,0)!important;height:1px!important;width:1px!important;border:0!important;overflow:hidden!important;padding:0!important;margin:0!important;\" data-rule-recaptcha=\"1\"><\/div><div class=\"wpforms-submit-container\" ><input type=\"hidden\" name=\"wpforms[id]\" value=\"2105\"><input type=\"hidden\" name=\"page_title\" value=\"\"><input type=\"hidden\" name=\"page_url\" value=\"https:\/\/www.supercargo.com.co\/index.php?rest_route=\/wp\/v2\/pages\/1542\"><input type=\"hidden\" name=\"url_referer\" value=\"\"><button type=\"submit\" name=\"wpforms[submit]\" id=\"wpforms-submit-2105\" class=\"wpforms-submit\" data-alt-text=\"Enviando...\" data-submit-text=\"Enviar\" aria-live=\"assertive\" value=\"wpforms-submit\">Enviar<\/button><img decoding=\"async\" src=\"https:\/\/www.supercargo.com.co\/wp-content\/plugins\/wpforms-lite\/assets\/images\/submit-spin.svg\" class=\"wpforms-submit-spinner\" style=\"display: none;\" width=\"26\" height=\"26\" alt=\"Cargando\"><\/div><\/form><\/div>  <!-- .wpforms-container -->\t\t\t\t<\/div>\n\t\t\t\t<\/div>\n\t\t\t\t<\/div>\n\t\t\t\t\t<\/div>\n\t\t<\/div>\n\t\t\t\t\t<\/div>\n\t\t<\/section>\n\t\t\t\t\t<\/div>\n\t\t<\/div>\n\t\t\t\t\t<\/div>\n\t\t<\/section>\n\t\t\t\t<\/div>\n\t\t","protected":false},"excerpt":{"rendered":"<p>solicitar cotizaci\u00f3n Por favor diligencia el siguiente formulario con los datos de tu requerimiento, un asesor se comunicar\u00e1 contigo a la mayor brevedad Por favor, activa JavaScript en tu navegador para completar este formulario.Raz\u00f3n Social *Contacto *Correo electr\u00f3nico *Tel\u00e9fono *Or\u00edgen *Destino *Valor de la mercanc\u00eda *Tipo\/Naturaleza del producto *Peso cargable (kg) *Vol\u00famen (m3) *No. Piezas &#8230; <a title=\"Solicitar Cotizaci\u00f3n\" class=\"read-more\" href=\"https:\/\/www.supercargo.com.co\/?page_id=1542\" aria-label=\"M\u00e1s en Solicitar Cotizaci\u00f3n\">Leer m\u00e1s<\/a><\/p>\n","protected":false},"author":1,"featured_media":0,"parent":0,"menu_order":0,"comment_status":"closed","ping_status":"closed","template":"elementor_header_footer","meta":{"_joinchat":[],"footnotes":""},"class_list":["post-1542","page","type-page","status-publish"],"yoast_head":"<!-- This site is optimized with the Yoast SEO plugin v27.3 - https:\/\/yoast.com\/product\/yoast-seo-wordpress\/ -->\n<title>Solicitar Cotizaci\u00f3n - Supercargo<\/title>\n<meta name=\"robots\" content=\"index, follow, max-snippet:-1, max-image-preview:large, max-video-preview:-1\" \/>\n<link rel=\"canonical\" href=\"https:\/\/www.supercargo.com.co\/?page_id=1542\" \/>\n<meta property=\"og:locale\" content=\"es_ES\" \/>\n<meta property=\"og:type\" content=\"article\" \/>\n<meta property=\"og:title\" content=\"Solicitar Cotizaci\u00f3n - Supercargo\" \/>\n<meta property=\"og:description\" content=\"solicitar cotizaci\u00f3n Por favor diligencia el siguiente formulario con los datos de tu requerimiento, un asesor se comunicar\u00e1 contigo a la mayor brevedad Por favor, activa JavaScript en tu navegador para completar este formulario.Raz\u00f3n Social *Contacto *Correo electr\u00f3nico *Tel\u00e9fono *Or\u00edgen *Destino *Valor de la mercanc\u00eda *Tipo\/Naturaleza del producto *Peso cargable (kg) *Vol\u00famen (m3) *No. Piezas ... Leer m\u00e1s\" \/>\n<meta property=\"og:url\" content=\"https:\/\/www.supercargo.com.co\/?page_id=1542\" \/>\n<meta property=\"og:site_name\" content=\"Supercargo\" \/>\n<meta property=\"article:modified_time\" content=\"2022-08-26T04:07:25+00:00\" \/>\n<meta property=\"og:image\" content=\"https:\/\/www.supercargo.brandingsolutions.com.co\/wp-content\/plugins\/wpforms-lite\/assets\/images\/submit-spin.svg\" \/>\n<meta name=\"twitter:card\" content=\"summary_large_image\" \/>\n<meta name=\"twitter:label1\" content=\"Tiempo de lectura\" \/>\n\t<meta name=\"twitter:data1\" content=\"1 minuto\" \/>\n<script type=\"application\/ld+json\" class=\"yoast-schema-graph\">{\"@context\":\"https:\\\/\\\/schema.org\",\"@graph\":[{\"@type\":\"WebPage\",\"@id\":\"https:\\\/\\\/www.supercargo.com.co\\\/?page_id=1542\",\"url\":\"https:\\\/\\\/www.supercargo.com.co\\\/?page_id=1542\",\"name\":\"Solicitar Cotizaci\u00f3n - Supercargo\",\"isPartOf\":{\"@id\":\"https:\\\/\\\/www.supercargo.com.co\\\/#website\"},\"primaryImageOfPage\":{\"@id\":\"https:\\\/\\\/www.supercargo.com.co\\\/?page_id=1542#primaryimage\"},\"image\":{\"@id\":\"https:\\\/\\\/www.supercargo.com.co\\\/?page_id=1542#primaryimage\"},\"thumbnailUrl\":\"https:\\\/\\\/www.supercargo.brandingsolutions.com.co\\\/wp-content\\\/plugins\\\/wpforms-lite\\\/assets\\\/images\\\/submit-spin.svg\",\"datePublished\":\"2022-08-04T05:37:29+00:00\",\"dateModified\":\"2022-08-26T04:07:25+00:00\",\"breadcrumb\":{\"@id\":\"https:\\\/\\\/www.supercargo.com.co\\\/?page_id=1542#breadcrumb\"},\"inLanguage\":\"es\",\"potentialAction\":[{\"@type\":\"ReadAction\",\"target\":[\"https:\\\/\\\/www.supercargo.com.co\\\/?page_id=1542\"]}]},{\"@type\":\"ImageObject\",\"inLanguage\":\"es\",\"@id\":\"https:\\\/\\\/www.supercargo.com.co\\\/?page_id=1542#primaryimage\",\"url\":\"https:\\\/\\\/www.supercargo.brandingsolutions.com.co\\\/wp-content\\\/plugins\\\/wpforms-lite\\\/assets\\\/images\\\/submit-spin.svg\",\"contentUrl\":\"https:\\\/\\\/www.supercargo.brandingsolutions.com.co\\\/wp-content\\\/plugins\\\/wpforms-lite\\\/assets\\\/images\\\/submit-spin.svg\"},{\"@type\":\"BreadcrumbList\",\"@id\":\"https:\\\/\\\/www.supercargo.com.co\\\/?page_id=1542#breadcrumb\",\"itemListElement\":[{\"@type\":\"ListItem\",\"position\":1,\"name\":\"Portada\",\"item\":\"https:\\\/\\\/www.supercargo.com.co\\\/\"},{\"@type\":\"ListItem\",\"position\":2,\"name\":\"Solicitar Cotizaci\u00f3n\"}]},{\"@type\":\"WebSite\",\"@id\":\"https:\\\/\\\/www.supercargo.com.co\\\/#website\",\"url\":\"https:\\\/\\\/www.supercargo.com.co\\\/\",\"name\":\"Supercargo\",\"description\":\"Supercargo\",\"publisher\":{\"@id\":\"https:\\\/\\\/www.supercargo.com.co\\\/#organization\"},\"potentialAction\":[{\"@type\":\"SearchAction\",\"target\":{\"@type\":\"EntryPoint\",\"urlTemplate\":\"https:\\\/\\\/www.supercargo.com.co\\\/?s={search_term_string}\"},\"query-input\":{\"@type\":\"PropertyValueSpecification\",\"valueRequired\":true,\"valueName\":\"search_term_string\"}}],\"inLanguage\":\"es\"},{\"@type\":\"Organization\",\"@id\":\"https:\\\/\\\/www.supercargo.com.co\\\/#organization\",\"name\":\"Supercargo\",\"url\":\"https:\\\/\\\/www.supercargo.com.co\\\/\",\"logo\":{\"@type\":\"ImageObject\",\"inLanguage\":\"es\",\"@id\":\"https:\\\/\\\/www.supercargo.com.co\\\/#\\\/schema\\\/logo\\\/image\\\/\",\"url\":\"https:\\\/\\\/www.supercargo.com.co\\\/wp-content\\\/uploads\\\/2022\\\/08\\\/LOGO-SUPERCARGO.png\",\"contentUrl\":\"https:\\\/\\\/www.supercargo.com.co\\\/wp-content\\\/uploads\\\/2022\\\/08\\\/LOGO-SUPERCARGO.png\",\"width\":660,\"height\":314,\"caption\":\"Supercargo\"},\"image\":{\"@id\":\"https:\\\/\\\/www.supercargo.com.co\\\/#\\\/schema\\\/logo\\\/image\\\/\"}}]}<\/script>\n<!-- \/ Yoast SEO plugin. -->","yoast_head_json":{"title":"Solicitar Cotizaci\u00f3n - Supercargo","robots":{"index":"index","follow":"follow","max-snippet":"max-snippet:-1","max-image-preview":"max-image-preview:large","max-video-preview":"max-video-preview:-1"},"canonical":"https:\/\/www.supercargo.com.co\/?page_id=1542","og_locale":"es_ES","og_type":"article","og_title":"Solicitar Cotizaci\u00f3n - Supercargo","og_description":"solicitar cotizaci\u00f3n Por favor diligencia el siguiente formulario con los datos de tu requerimiento, un asesor se comunicar\u00e1 contigo a la mayor brevedad Por favor, activa JavaScript en tu navegador para completar este formulario.Raz\u00f3n Social *Contacto *Correo electr\u00f3nico *Tel\u00e9fono *Or\u00edgen *Destino *Valor de la mercanc\u00eda *Tipo\/Naturaleza del producto *Peso cargable (kg) *Vol\u00famen (m3) *No. Piezas ... Leer m\u00e1s","og_url":"https:\/\/www.supercargo.com.co\/?page_id=1542","og_site_name":"Supercargo","article_modified_time":"2022-08-26T04:07:25+00:00","og_image":[{"url":"https:\/\/www.supercargo.brandingsolutions.com.co\/wp-content\/plugins\/wpforms-lite\/assets\/images\/submit-spin.svg","type":"","width":"","height":""}],"twitter_card":"summary_large_image","twitter_misc":{"Tiempo de lectura":"1 minuto"},"schema":{"@context":"https:\/\/schema.org","@graph":[{"@type":"WebPage","@id":"https:\/\/www.supercargo.com.co\/?page_id=1542","url":"https:\/\/www.supercargo.com.co\/?page_id=1542","name":"Solicitar Cotizaci\u00f3n - Supercargo","isPartOf":{"@id":"https:\/\/www.supercargo.com.co\/#website"},"primaryImageOfPage":{"@id":"https:\/\/www.supercargo.com.co\/?page_id=1542#primaryimage"},"image":{"@id":"https:\/\/www.supercargo.com.co\/?page_id=1542#primaryimage"},"thumbnailUrl":"https:\/\/www.supercargo.brandingsolutions.com.co\/wp-content\/plugins\/wpforms-lite\/assets\/images\/submit-spin.svg","datePublished":"2022-08-04T05:37:29+00:00","dateModified":"2022-08-26T04:07:25+00:00","breadcrumb":{"@id":"https:\/\/www.supercargo.com.co\/?page_id=1542#breadcrumb"},"inLanguage":"es","potentialAction":[{"@type":"ReadAction","target":["https:\/\/www.supercargo.com.co\/?page_id=1542"]}]},{"@type":"ImageObject","inLanguage":"es","@id":"https:\/\/www.supercargo.com.co\/?page_id=1542#primaryimage","url":"https:\/\/www.supercargo.brandingsolutions.com.co\/wp-content\/plugins\/wpforms-lite\/assets\/images\/submit-spin.svg","contentUrl":"https:\/\/www.supercargo.brandingsolutions.com.co\/wp-content\/plugins\/wpforms-lite\/assets\/images\/submit-spin.svg"},{"@type":"BreadcrumbList","@id":"https:\/\/www.supercargo.com.co\/?page_id=1542#breadcrumb","itemListElement":[{"@type":"ListItem","position":1,"name":"Portada","item":"https:\/\/www.supercargo.com.co\/"},{"@type":"ListItem","position":2,"name":"Solicitar Cotizaci\u00f3n"}]},{"@type":"WebSite","@id":"https:\/\/www.supercargo.com.co\/#website","url":"https:\/\/www.supercargo.com.co\/","name":"Supercargo","description":"Supercargo","publisher":{"@id":"https:\/\/www.supercargo.com.co\/#organization"},"potentialAction":[{"@type":"SearchAction","target":{"@type":"EntryPoint","urlTemplate":"https:\/\/www.supercargo.com.co\/?s={search_term_string}"},"query-input":{"@type":"PropertyValueSpecification","valueRequired":true,"valueName":"search_term_string"}}],"inLanguage":"es"},{"@type":"Organization","@id":"https:\/\/www.supercargo.com.co\/#organization","name":"Supercargo","url":"https:\/\/www.supercargo.com.co\/","logo":{"@type":"ImageObject","inLanguage":"es","@id":"https:\/\/www.supercargo.com.co\/#\/schema\/logo\/image\/","url":"https:\/\/www.supercargo.com.co\/wp-content\/uploads\/2022\/08\/LOGO-SUPERCARGO.png","contentUrl":"https:\/\/www.supercargo.com.co\/wp-content\/uploads\/2022\/08\/LOGO-SUPERCARGO.png","width":660,"height":314,"caption":"Supercargo"},"image":{"@id":"https:\/\/www.supercargo.com.co\/#\/schema\/logo\/image\/"}}]}},"_links":{"self":[{"href":"https:\/\/www.supercargo.com.co\/index.php?rest_route=\/wp\/v2\/pages\/1542","targetHints":{"allow":["GET"]}}],"collection":[{"href":"https:\/\/www.supercargo.com.co\/index.php?rest_route=\/wp\/v2\/pages"}],"about":[{"href":"https:\/\/www.supercargo.com.co\/index.php?rest_route=\/wp\/v2\/types\/page"}],"author":[{"embeddable":true,"href":"https:\/\/www.supercargo.com.co\/index.php?rest_route=\/wp\/v2\/users\/1"}],"replies":[{"embeddable":true,"href":"https:\/\/www.supercargo.com.co\/index.php?rest_route=%2Fwp%2Fv2%2Fcomments&post=1542"}],"version-history":[{"count":0,"href":"https:\/\/www.supercargo.com.co\/index.php?rest_route=\/wp\/v2\/pages\/1542\/revisions"}],"wp:attachment":[{"href":"https:\/\/www.supercargo.com.co\/index.php?rest_route=%2Fwp%2Fv2%2Fmedia&parent=1542"}],"curies":[{"name":"wp","href":"https:\/\/api.w.org\/{rel}","templated":true}]}}