{"id":1526,"date":"2022-08-04T05:29:53","date_gmt":"2022-08-04T05:29:53","guid":{"rendered":"https:\/\/www.supercargo.brandingsolutions.com.co\/?page_id=1526"},"modified":"2022-08-26T03:45:36","modified_gmt":"2022-08-26T03:45:36","slug":"politica-de-privacidad","status":"publish","type":"page","link":"https:\/\/www.supercargo.com.co\/?page_id=1526","title":{"rendered":"Pol\u00edtica de Privacidad"},"content":{"rendered":"\t\t<div data-elementor-type=\"wp-page\" data-elementor-id=\"1526\" class=\"elementor elementor-1526\">\n\t\t\t\t\t\t<section class=\"elementor-section elementor-top-section elementor-element elementor-element-eda7e56 elementor-section-stretched elementor-section-boxed elementor-section-height-default elementor-section-height-default jltma-glass-effect-no\" data-id=\"eda7e56\" data-element_type=\"section\" data-e-type=\"section\" data-settings=\"{&quot;stretch_section&quot;:&quot;section-stretched&quot;,&quot;background_background&quot;:&quot;classic&quot;}\">\n\t\t\t\t\t\t\t<div class=\"elementor-background-overlay\"><\/div>\n\t\t\t\t\t\t\t<div class=\"elementor-container elementor-column-gap-default\">\n\t\t\t\t\t<div class=\"elementor-column elementor-col-50 elementor-top-column elementor-element elementor-element-b749ca9 jltma-glass-effect-no\" data-id=\"b749ca9\" data-element_type=\"column\" data-e-type=\"column\">\n\t\t\t<div class=\"elementor-widget-wrap elementor-element-populated\">\n\t\t\t\t\t\t<div class=\"elementor-element elementor-element-6f63e66 jltma-glass-effect-no elementor-widget elementor-widget-heading\" data-id=\"6f63e66\" data-element_type=\"widget\" data-e-type=\"widget\" data-widget_type=\"heading.default\">\n\t\t\t\t<div class=\"elementor-widget-container\">\n\t\t\t\t\t<h1 class=\"elementor-heading-title elementor-size-default\">Pol\u00edtica de Privacidad<\/h1>\t\t\t\t<\/div>\n\t\t\t\t<\/div>\n\t\t\t\t<section class=\"elementor-section elementor-inner-section elementor-element elementor-element-aafb3ae elementor-section-boxed elementor-section-height-default elementor-section-height-default jltma-glass-effect-no elementor-invisible\" data-id=\"aafb3ae\" data-element_type=\"section\" data-e-type=\"section\" data-settings=\"{&quot;animation&quot;:&quot;fadeInUp&quot;}\">\n\t\t\t\t\t\t<div class=\"elementor-container elementor-column-gap-default\">\n\t\t\t\t\t<div class=\"elementor-column elementor-col-33 elementor-inner-column elementor-element elementor-element-3f95ddf jltma-glass-effect-no\" data-id=\"3f95ddf\" data-element_type=\"column\" data-e-type=\"column\">\n\t\t\t<div class=\"elementor-widget-wrap elementor-element-populated\">\n\t\t\t\t\t\t<div class=\"elementor-element elementor-element-7ada25d elementor-view-default jltma-glass-effect-no elementor-widget elementor-widget-icon\" data-id=\"7ada25d\" data-element_type=\"widget\" data-e-type=\"widget\" data-widget_type=\"icon.default\">\n\t\t\t\t<div class=\"elementor-widget-container\">\n\t\t\t\t\t\t\t<div class=\"elementor-icon-wrapper\">\n\t\t\t<div class=\"elementor-icon\">\n\t\t\t<i aria-hidden=\"true\" class=\"fas fa-plane\"><\/i>\t\t\t<\/div>\n\t\t<\/div>\n\t\t\t\t\t\t<\/div>\n\t\t\t\t<\/div>\n\t\t\t\t\t<\/div>\n\t\t<\/div>\n\t\t\t\t<div class=\"elementor-column elementor-col-33 elementor-inner-column elementor-element elementor-element-e1bfd14 jltma-glass-effect-no\" data-id=\"e1bfd14\" data-element_type=\"column\" data-e-type=\"column\">\n\t\t\t<div class=\"elementor-widget-wrap elementor-element-populated\">\n\t\t\t\t\t\t<div class=\"elementor-element elementor-element-507c479 elementor-view-default jltma-glass-effect-no elementor-widget elementor-widget-icon\" data-id=\"507c479\" data-element_type=\"widget\" data-e-type=\"widget\" data-widget_type=\"icon.default\">\n\t\t\t\t<div class=\"elementor-widget-container\">\n\t\t\t\t\t\t\t<div class=\"elementor-icon-wrapper\">\n\t\t\t<div class=\"elementor-icon\">\n\t\t\t<i aria-hidden=\"true\" class=\"fas fa-shipping-fast\"><\/i>\t\t\t<\/div>\n\t\t<\/div>\n\t\t\t\t\t\t<\/div>\n\t\t\t\t<\/div>\n\t\t\t\t\t<\/div>\n\t\t<\/div>\n\t\t\t\t<div class=\"elementor-column elementor-col-33 elementor-inner-column elementor-element elementor-element-3028390 jltma-glass-effect-no\" data-id=\"3028390\" data-element_type=\"column\" data-e-type=\"column\">\n\t\t\t<div class=\"elementor-widget-wrap elementor-element-populated\">\n\t\t\t\t\t\t<div class=\"elementor-element elementor-element-015fecc elementor-view-default jltma-glass-effect-no elementor-widget elementor-widget-icon\" data-id=\"015fecc\" data-element_type=\"widget\" data-e-type=\"widget\" data-widget_type=\"icon.default\">\n\t\t\t\t<div class=\"elementor-widget-container\">\n\t\t\t\t\t\t\t<div class=\"elementor-icon-wrapper\">\n\t\t\t<div class=\"elementor-icon\">\n\t\t\t<i aria-hidden=\"true\" class=\"fas fa-ship\"><\/i>\t\t\t<\/div>\n\t\t<\/div>\n\t\t\t\t\t\t<\/div>\n\t\t\t\t<\/div>\n\t\t\t\t\t<\/div>\n\t\t<\/div>\n\t\t\t\t\t<\/div>\n\t\t<\/section>\n\t\t\t\t\t<\/div>\n\t\t<\/div>\n\t\t\t\t<div class=\"elementor-column elementor-col-50 elementor-top-column elementor-element elementor-element-a242fb2 jltma-glass-effect-no\" data-id=\"a242fb2\" data-element_type=\"column\" data-e-type=\"column\">\n\t\t\t<div class=\"elementor-widget-wrap\">\n\t\t\t\t\t\t\t<\/div>\n\t\t<\/div>\n\t\t\t\t\t<\/div>\n\t\t<\/section>\n\t\t\t\t<section class=\"elementor-section elementor-top-section elementor-element elementor-element-20129f0 elementor-section-boxed elementor-section-height-default elementor-section-height-default jltma-glass-effect-no\" data-id=\"20129f0\" data-element_type=\"section\" data-e-type=\"section\">\n\t\t\t\t\t\t<div class=\"elementor-container elementor-column-gap-default\">\n\t\t\t\t\t<div class=\"elementor-column elementor-col-100 elementor-top-column elementor-element elementor-element-a6057bc jltma-glass-effect-no\" data-id=\"a6057bc\" data-element_type=\"column\" data-e-type=\"column\">\n\t\t\t<div class=\"elementor-widget-wrap elementor-element-populated\">\n\t\t\t\t\t\t<section class=\"elementor-section elementor-inner-section elementor-element elementor-element-556101a elementor-section-full_width elementor-section-height-default elementor-section-height-default jltma-glass-effect-no\" data-id=\"556101a\" data-element_type=\"section\" data-e-type=\"section\">\n\t\t\t\t\t\t<div class=\"elementor-container elementor-column-gap-default\">\n\t\t\t\t\t<div class=\"elementor-column elementor-col-50 elementor-inner-column elementor-element elementor-element-48172d7 jltma-glass-effect-no\" data-id=\"48172d7\" data-element_type=\"column\" data-e-type=\"column\">\n\t\t\t<div class=\"elementor-widget-wrap elementor-element-populated\">\n\t\t\t\t\t\t<div class=\"elementor-element elementor-element-e4368d5 jltma-glass-effect-no elementor-widget elementor-widget-heading\" data-id=\"e4368d5\" data-element_type=\"widget\" data-e-type=\"widget\" data-widget_type=\"heading.default\">\n\t\t\t\t<div class=\"elementor-widget-container\">\n\t\t\t\t\t<h2 class=\"elementor-heading-title elementor-size-default\">MANIFESTACI\u00d3N LIBRE<\/h2>\t\t\t\t<\/div>\n\t\t\t\t<\/div>\n\t\t\t\t<div class=\"elementor-element elementor-element-a970116 jltma-glass-effect-no elementor-widget elementor-widget-heading\" data-id=\"a970116\" data-element_type=\"widget\" data-e-type=\"widget\" data-widget_type=\"heading.default\">\n\t\t\t\t<div class=\"elementor-widget-container\">\n\t\t\t\t\t<h2 class=\"elementor-heading-title elementor-size-default\">Manifiesto que he le\u00eddo, conozco y acepto la pol\u00edtica de protecci\u00f3n de la informaci\u00f3n de SUPERCARGO INTERNATIONAL SERVICES S.A, y autorizo a SUPERCARGO INTERNATIONAL SERVICES S.A, a emplear, utilizar y verificar los datos personales que he suministrado voluntariamente. Esta autorizaci\u00f3n comprende el uso de los datos personales para fines estad\u00edsticos, comerciales, informativos, fidelizaci\u00f3n, de seguimiento al producto, de mercadeo, de notificaci\u00f3n y contacto al cliente para cualquier campa\u00f1a de seguridad, satisfacci\u00f3n, mercadeo relacional y\/o similares, as\u00ed como el ofrecimiento de servicios de SUPERCARGO INTERNATIONAL SERVICES S.A respetando la debida privacidad y confidencialidad establecida para esta informaci\u00f3n por las leyes de la Rep\u00fablica de Colombia especialmente la 1581 de 2012, as\u00ed como sus decretos reglamentarios y dem\u00e1s normas aplicables.<\/h2>\t\t\t\t<\/div>\n\t\t\t\t<\/div>\n\t\t\t\t<div class=\"elementor-element elementor-element-75d928a jltma-glass-effect-no elementor-widget elementor-widget-heading\" data-id=\"75d928a\" data-element_type=\"widget\" data-e-type=\"widget\" data-widget_type=\"heading.default\">\n\t\t\t\t<div class=\"elementor-widget-container\">\n\t\t\t\t\t<h2 class=\"elementor-heading-title elementor-size-default\">Certifico que la informaci\u00f3n suministrada es clara, suficiente y veraz.<\/h2>\t\t\t\t<\/div>\n\t\t\t\t<\/div>\n\t\t\t\t<div class=\"elementor-element elementor-element-4870733 elementor-align-left elementor-mobile-align-center jltma-glass-effect-no elementor-widget elementor-widget-button\" data-id=\"4870733\" data-element_type=\"widget\" data-e-type=\"widget\" data-widget_type=\"button.default\">\n\t\t\t\t<div class=\"elementor-widget-container\">\n\t\t\t\t\t\t\t\t\t<div class=\"elementor-button-wrapper\">\n\t\t\t\t\t<a class=\"elementor-button elementor-button-link elementor-size-sm\" href=\"https:\/\/www.supercargo.com.co\/wp-content\/uploads\/2022\/08\/Politica-de-Privacidad-Supercargo.pdf\" target=\"_blank\">\n\t\t\t\t\t\t<span class=\"elementor-button-content-wrapper\">\n\t\t\t\t\t\t\t\t\t<span class=\"elementor-button-text\">VER POL\u00cdTICA DE PROTECCI\u00d3N DE LA INFORMACI\u00d3N<\/span>\n\t\t\t\t\t<\/span>\n\t\t\t\t\t<\/a>\n\t\t\t\t<\/div>\n\t\t\t\t\t\t\t\t<\/div>\n\t\t\t\t<\/div>\n\t\t\t\t\t<\/div>\n\t\t<\/div>\n\t\t\t\t<div class=\"elementor-column elementor-col-50 elementor-inner-column elementor-element elementor-element-74c738a jltma-glass-effect-no\" data-id=\"74c738a\" data-element_type=\"column\" data-e-type=\"column\">\n\t\t\t<div class=\"elementor-widget-wrap elementor-element-populated\">\n\t\t\t\t\t\t<div class=\"elementor-element elementor-element-608b156 jltma-glass-effect-no elementor-widget elementor-widget-image\" data-id=\"608b156\" data-element_type=\"widget\" data-e-type=\"widget\" data-widget_type=\"image.default\">\n\t\t\t\t<div class=\"elementor-widget-container\">\n\t\t\t\t\t\t\t\t\t\t\t\t\t\t\t<img fetchpriority=\"high\" decoding=\"async\" width=\"900\" height=\"607\" src=\"https:\/\/www.supercargo.com.co\/wp-content\/uploads\/2022\/07\/Infografia-PAGINA_-Supercargo-1.png\" class=\"attachment-large size-large wp-image-1274\" alt=\"\" srcset=\"https:\/\/www.supercargo.com.co\/wp-content\/uploads\/2022\/07\/Infografia-PAGINA_-Supercargo-1.png 900w, https:\/\/www.supercargo.com.co\/wp-content\/uploads\/2022\/07\/Infografia-PAGINA_-Supercargo-1-300x202.png 300w, https:\/\/www.supercargo.com.co\/wp-content\/uploads\/2022\/07\/Infografia-PAGINA_-Supercargo-1-768x518.png 768w\" sizes=\"(max-width: 900px) 100vw, 900px\" \/>\t\t\t\t\t\t\t\t\t\t\t\t\t\t\t<\/div>\n\t\t\t\t<\/div>\n\t\t\t\t\t<\/div>\n\t\t<\/div>\n\t\t\t\t\t<\/div>\n\t\t<\/section>\n\t\t\t\t\t<\/div>\n\t\t<\/div>\n\t\t\t\t\t<\/div>\n\t\t<\/section>\n\t\t\t\t<\/div>\n\t\t","protected":false},"excerpt":{"rendered":"<p>Pol\u00edtica de Privacidad MANIFESTACI\u00d3N LIBRE Manifiesto que he le\u00eddo, conozco y acepto la pol\u00edtica de protecci\u00f3n de la informaci\u00f3n de SUPERCARGO INTERNATIONAL SERVICES S.A, y autorizo a SUPERCARGO INTERNATIONAL SERVICES S.A, a emplear, utilizar y verificar los datos personales que he suministrado voluntariamente. Esta autorizaci\u00f3n comprende el uso de los datos personales para fines estad\u00edsticos, &#8230; <a title=\"Pol\u00edtica de Privacidad\" class=\"read-more\" href=\"https:\/\/www.supercargo.com.co\/?page_id=1526\" aria-label=\"M\u00e1s en Pol\u00edtica de Privacidad\">Leer m\u00e1s<\/a><\/p>\n","protected":false},"author":1,"featured_media":0,"parent":0,"menu_order":0,"comment_status":"closed","ping_status":"closed","template":"elementor_header_footer","meta":{"_joinchat":[],"footnotes":""},"class_list":["post-1526","page","type-page","status-publish"],"yoast_head":"<!-- This site is optimized with the Yoast SEO plugin v27.3 - https:\/\/yoast.com\/product\/yoast-seo-wordpress\/ -->\n<title>Pol\u00edtica de Privacidad - Supercargo<\/title>\n<meta name=\"robots\" content=\"index, follow, max-snippet:-1, max-image-preview:large, max-video-preview:-1\" \/>\n<link rel=\"canonical\" href=\"https:\/\/www.supercargo.com.co\/?page_id=1526\" \/>\n<meta property=\"og:locale\" content=\"es_ES\" \/>\n<meta property=\"og:type\" content=\"article\" \/>\n<meta property=\"og:title\" content=\"Pol\u00edtica de Privacidad - Supercargo\" \/>\n<meta property=\"og:description\" content=\"Pol\u00edtica de Privacidad MANIFESTACI\u00d3N LIBRE Manifiesto que he le\u00eddo, conozco y acepto la pol\u00edtica de protecci\u00f3n de la informaci\u00f3n de SUPERCARGO INTERNATIONAL SERVICES S.A, y autorizo a SUPERCARGO INTERNATIONAL SERVICES S.A, a emplear, utilizar y verificar los datos personales que he suministrado voluntariamente. Esta autorizaci\u00f3n comprende el uso de los datos personales para fines estad\u00edsticos, ... Leer m\u00e1s\" \/>\n<meta property=\"og:url\" content=\"https:\/\/www.supercargo.com.co\/?page_id=1526\" \/>\n<meta property=\"og:site_name\" content=\"Supercargo\" \/>\n<meta property=\"article:modified_time\" content=\"2022-08-26T03:45:36+00:00\" \/>\n<meta property=\"og:image\" content=\"https:\/\/www.supercargo.brandingsolutions.com.co\/wp-content\/uploads\/2022\/07\/Infografia-PAGINA_-Supercargo-1.png\" \/>\n<meta name=\"twitter:card\" content=\"summary_large_image\" \/>\n<meta name=\"twitter:label1\" content=\"Tiempo de lectura\" \/>\n\t<meta name=\"twitter:data1\" content=\"1 minuto\" \/>\n<script type=\"application\/ld+json\" class=\"yoast-schema-graph\">{\"@context\":\"https:\\\/\\\/schema.org\",\"@graph\":[{\"@type\":\"WebPage\",\"@id\":\"https:\\\/\\\/www.supercargo.com.co\\\/?page_id=1526\",\"url\":\"https:\\\/\\\/www.supercargo.com.co\\\/?page_id=1526\",\"name\":\"Pol\u00edtica de Privacidad - Supercargo\",\"isPartOf\":{\"@id\":\"https:\\\/\\\/www.supercargo.com.co\\\/#website\"},\"primaryImageOfPage\":{\"@id\":\"https:\\\/\\\/www.supercargo.com.co\\\/?page_id=1526#primaryimage\"},\"image\":{\"@id\":\"https:\\\/\\\/www.supercargo.com.co\\\/?page_id=1526#primaryimage\"},\"thumbnailUrl\":\"https:\\\/\\\/www.supercargo.brandingsolutions.com.co\\\/wp-content\\\/uploads\\\/2022\\\/07\\\/Infografia-PAGINA_-Supercargo-1.png\",\"datePublished\":\"2022-08-04T05:29:53+00:00\",\"dateModified\":\"2022-08-26T03:45:36+00:00\",\"breadcrumb\":{\"@id\":\"https:\\\/\\\/www.supercargo.com.co\\\/?page_id=1526#breadcrumb\"},\"inLanguage\":\"es\",\"potentialAction\":[{\"@type\":\"ReadAction\",\"target\":[\"https:\\\/\\\/www.supercargo.com.co\\\/?page_id=1526\"]}]},{\"@type\":\"ImageObject\",\"inLanguage\":\"es\",\"@id\":\"https:\\\/\\\/www.supercargo.com.co\\\/?page_id=1526#primaryimage\",\"url\":\"https:\\\/\\\/www.supercargo.brandingsolutions.com.co\\\/wp-content\\\/uploads\\\/2022\\\/07\\\/Infografia-PAGINA_-Supercargo-1.png\",\"contentUrl\":\"https:\\\/\\\/www.supercargo.brandingsolutions.com.co\\\/wp-content\\\/uploads\\\/2022\\\/07\\\/Infografia-PAGINA_-Supercargo-1.png\"},{\"@type\":\"BreadcrumbList\",\"@id\":\"https:\\\/\\\/www.supercargo.com.co\\\/?page_id=1526#breadcrumb\",\"itemListElement\":[{\"@type\":\"ListItem\",\"position\":1,\"name\":\"Portada\",\"item\":\"https:\\\/\\\/www.supercargo.com.co\\\/\"},{\"@type\":\"ListItem\",\"position\":2,\"name\":\"Pol\u00edtica de Privacidad\"}]},{\"@type\":\"WebSite\",\"@id\":\"https:\\\/\\\/www.supercargo.com.co\\\/#website\",\"url\":\"https:\\\/\\\/www.supercargo.com.co\\\/\",\"name\":\"Supercargo\",\"description\":\"Supercargo\",\"publisher\":{\"@id\":\"https:\\\/\\\/www.supercargo.com.co\\\/#organization\"},\"potentialAction\":[{\"@type\":\"SearchAction\",\"target\":{\"@type\":\"EntryPoint\",\"urlTemplate\":\"https:\\\/\\\/www.supercargo.com.co\\\/?s={search_term_string}\"},\"query-input\":{\"@type\":\"PropertyValueSpecification\",\"valueRequired\":true,\"valueName\":\"search_term_string\"}}],\"inLanguage\":\"es\"},{\"@type\":\"Organization\",\"@id\":\"https:\\\/\\\/www.supercargo.com.co\\\/#organization\",\"name\":\"Supercargo\",\"url\":\"https:\\\/\\\/www.supercargo.com.co\\\/\",\"logo\":{\"@type\":\"ImageObject\",\"inLanguage\":\"es\",\"@id\":\"https:\\\/\\\/www.supercargo.com.co\\\/#\\\/schema\\\/logo\\\/image\\\/\",\"url\":\"https:\\\/\\\/www.supercargo.com.co\\\/wp-content\\\/uploads\\\/2022\\\/08\\\/LOGO-SUPERCARGO.png\",\"contentUrl\":\"https:\\\/\\\/www.supercargo.com.co\\\/wp-content\\\/uploads\\\/2022\\\/08\\\/LOGO-SUPERCARGO.png\",\"width\":660,\"height\":314,\"caption\":\"Supercargo\"},\"image\":{\"@id\":\"https:\\\/\\\/www.supercargo.com.co\\\/#\\\/schema\\\/logo\\\/image\\\/\"}}]}<\/script>\n<!-- \/ Yoast SEO plugin. -->","yoast_head_json":{"title":"Pol\u00edtica de Privacidad - Supercargo","robots":{"index":"index","follow":"follow","max-snippet":"max-snippet:-1","max-image-preview":"max-image-preview:large","max-video-preview":"max-video-preview:-1"},"canonical":"https:\/\/www.supercargo.com.co\/?page_id=1526","og_locale":"es_ES","og_type":"article","og_title":"Pol\u00edtica de Privacidad - Supercargo","og_description":"Pol\u00edtica de Privacidad MANIFESTACI\u00d3N LIBRE Manifiesto que he le\u00eddo, conozco y acepto la pol\u00edtica de protecci\u00f3n de la informaci\u00f3n de SUPERCARGO INTERNATIONAL SERVICES S.A, y autorizo a SUPERCARGO INTERNATIONAL SERVICES S.A, a emplear, utilizar y verificar los datos personales que he suministrado voluntariamente. Esta autorizaci\u00f3n comprende el uso de los datos personales para fines estad\u00edsticos, ... Leer m\u00e1s","og_url":"https:\/\/www.supercargo.com.co\/?page_id=1526","og_site_name":"Supercargo","article_modified_time":"2022-08-26T03:45:36+00:00","og_image":[{"url":"https:\/\/www.supercargo.brandingsolutions.com.co\/wp-content\/uploads\/2022\/07\/Infografia-PAGINA_-Supercargo-1.png","type":"","width":"","height":""}],"twitter_card":"summary_large_image","twitter_misc":{"Tiempo de lectura":"1 minuto"},"schema":{"@context":"https:\/\/schema.org","@graph":[{"@type":"WebPage","@id":"https:\/\/www.supercargo.com.co\/?page_id=1526","url":"https:\/\/www.supercargo.com.co\/?page_id=1526","name":"Pol\u00edtica de Privacidad - Supercargo","isPartOf":{"@id":"https:\/\/www.supercargo.com.co\/#website"},"primaryImageOfPage":{"@id":"https:\/\/www.supercargo.com.co\/?page_id=1526#primaryimage"},"image":{"@id":"https:\/\/www.supercargo.com.co\/?page_id=1526#primaryimage"},"thumbnailUrl":"https:\/\/www.supercargo.brandingsolutions.com.co\/wp-content\/uploads\/2022\/07\/Infografia-PAGINA_-Supercargo-1.png","datePublished":"2022-08-04T05:29:53+00:00","dateModified":"2022-08-26T03:45:36+00:00","breadcrumb":{"@id":"https:\/\/www.supercargo.com.co\/?page_id=1526#breadcrumb"},"inLanguage":"es","potentialAction":[{"@type":"ReadAction","target":["https:\/\/www.supercargo.com.co\/?page_id=1526"]}]},{"@type":"ImageObject","inLanguage":"es","@id":"https:\/\/www.supercargo.com.co\/?page_id=1526#primaryimage","url":"https:\/\/www.supercargo.brandingsolutions.com.co\/wp-content\/uploads\/2022\/07\/Infografia-PAGINA_-Supercargo-1.png","contentUrl":"https:\/\/www.supercargo.brandingsolutions.com.co\/wp-content\/uploads\/2022\/07\/Infografia-PAGINA_-Supercargo-1.png"},{"@type":"BreadcrumbList","@id":"https:\/\/www.supercargo.com.co\/?page_id=1526#breadcrumb","itemListElement":[{"@type":"ListItem","position":1,"name":"Portada","item":"https:\/\/www.supercargo.com.co\/"},{"@type":"ListItem","position":2,"name":"Pol\u00edtica de Privacidad"}]},{"@type":"WebSite","@id":"https:\/\/www.supercargo.com.co\/#website","url":"https:\/\/www.supercargo.com.co\/","name":"Supercargo","description":"Supercargo","publisher":{"@id":"https:\/\/www.supercargo.com.co\/#organization"},"potentialAction":[{"@type":"SearchAction","target":{"@type":"EntryPoint","urlTemplate":"https:\/\/www.supercargo.com.co\/?s={search_term_string}"},"query-input":{"@type":"PropertyValueSpecification","valueRequired":true,"valueName":"search_term_string"}}],"inLanguage":"es"},{"@type":"Organization","@id":"https:\/\/www.supercargo.com.co\/#organization","name":"Supercargo","url":"https:\/\/www.supercargo.com.co\/","logo":{"@type":"ImageObject","inLanguage":"es","@id":"https:\/\/www.supercargo.com.co\/#\/schema\/logo\/image\/","url":"https:\/\/www.supercargo.com.co\/wp-content\/uploads\/2022\/08\/LOGO-SUPERCARGO.png","contentUrl":"https:\/\/www.supercargo.com.co\/wp-content\/uploads\/2022\/08\/LOGO-SUPERCARGO.png","width":660,"height":314,"caption":"Supercargo"},"image":{"@id":"https:\/\/www.supercargo.com.co\/#\/schema\/logo\/image\/"}}]}},"_links":{"self":[{"href":"https:\/\/www.supercargo.com.co\/index.php?rest_route=\/wp\/v2\/pages\/1526","targetHints":{"allow":["GET"]}}],"collection":[{"href":"https:\/\/www.supercargo.com.co\/index.php?rest_route=\/wp\/v2\/pages"}],"about":[{"href":"https:\/\/www.supercargo.com.co\/index.php?rest_route=\/wp\/v2\/types\/page"}],"author":[{"embeddable":true,"href":"https:\/\/www.supercargo.com.co\/index.php?rest_route=\/wp\/v2\/users\/1"}],"replies":[{"embeddable":true,"href":"https:\/\/www.supercargo.com.co\/index.php?rest_route=%2Fwp%2Fv2%2Fcomments&post=1526"}],"version-history":[{"count":0,"href":"https:\/\/www.supercargo.com.co\/index.php?rest_route=\/wp\/v2\/pages\/1526\/revisions"}],"wp:attachment":[{"href":"https:\/\/www.supercargo.com.co\/index.php?rest_route=%2Fwp%2Fv2%2Fmedia&parent=1526"}],"curies":[{"name":"wp","href":"https:\/\/api.w.org\/{rel}","templated":true}]}}