{"id":1514,"date":"2022-08-04T05:27:22","date_gmt":"2022-08-04T05:27:22","guid":{"rendered":"https:\/\/www.supercargo.brandingsolutions.com.co\/?page_id=1514"},"modified":"2022-08-26T10:39:09","modified_gmt":"2022-08-26T15:39:09","slug":"incoterms-2020","status":"publish","type":"page","link":"https:\/\/www.supercargo.com.co\/?page_id=1514","title":{"rendered":"Incoterms 2020"},"content":{"rendered":"\t\t<div data-elementor-type=\"wp-page\" data-elementor-id=\"1514\" class=\"elementor elementor-1514\">\n\t\t\t\t\t\t<section class=\"elementor-section elementor-top-section elementor-element elementor-element-2057ee8 elementor-section-boxed elementor-section-height-default elementor-section-height-default jltma-glass-effect-no\" data-id=\"2057ee8\" data-element_type=\"section\" data-e-type=\"section\">\n\t\t\t\t\t\t<div class=\"elementor-container elementor-column-gap-default\">\n\t\t\t\t\t<div class=\"elementor-column elementor-col-100 elementor-top-column elementor-element elementor-element-99d5b70 jltma-glass-effect-no\" data-id=\"99d5b70\" data-element_type=\"column\" data-e-type=\"column\">\n\t\t\t<div class=\"elementor-widget-wrap elementor-element-populated\">\n\t\t\t\t\t\t<div class=\"elementor-element elementor-element-efff042 premium-title-icon-column premium-title-center premium-title-icon-column premium-title-color jltma-glass-effect-no elementor-widget elementor-widget-premium-addon-title\" data-id=\"efff042\" data-element_type=\"widget\" data-e-type=\"widget\" data-widget_type=\"premium-addon-title.default\">\n\t\t\t\t<div class=\"elementor-widget-container\">\n\t\t\t\t\t\n\t\t<div class=\"premium-title-container style3\">\n\t\t\t<h2 class=\"premium-title-header premium-title-style3\">\n\t\t\t\t\n\t\t\t\t\t\t\t\t\t\t\t\t\t\t\t<i class=\"premium-title-icon premium-svg-nodraw premium-drawable-icon fas fa-angle-double-down\" aria-hidden=\"true\"><\/i>\n\t\t\t\t\t\t\t\t\t\n\t\t\t\t\t\t\t\t\t\t\t\t<span class=\"premium-title-text\">\n\t\t\t\t\tincoterms\t\t\t\t<\/span>\n\t\t\t\t\t\n\t\t\t\t\t\t\t\t\n\t\t\t\t\t\t\t<\/h2>\n\n\t\t<\/div>\n\n\t\t\t\t\t\t<\/div>\n\t\t\t\t<\/div>\n\t\t\t\t<div class=\"elementor-element elementor-element-3bb790e elementor-widget-divider--separator-type-pattern elementor-widget-divider--no-spacing elementor-widget-divider--view-line jltma-glass-effect-no elementor-widget elementor-widget-divider\" data-id=\"3bb790e\" data-element_type=\"widget\" data-e-type=\"widget\" data-widget_type=\"divider.default\">\n\t\t\t\t<div class=\"elementor-widget-container\">\n\t\t\t\t\t\t\t<div class=\"elementor-divider\" style=\"--divider-pattern-url: url(&quot;data:image\/svg+xml,%3Csvg xmlns=&#039;http:\/\/www.w3.org\/2000\/svg&#039; preserveAspectRatio=&#039;none&#039; overflow=&#039;visible&#039; height=&#039;100%&#039; viewBox=&#039;0 0 24 24&#039; fill=&#039;black&#039; stroke=&#039;none&#039;%3E%3Cpath d=&#039;M24,8v12H0V8H24z M24,4v1H0V4H24z&#039;\/%3E%3C\/svg%3E&quot;);\">\n\t\t\t<span class=\"elementor-divider-separator\">\n\t\t\t\t\t\t<\/span>\n\t\t<\/div>\n\t\t\t\t\t\t<\/div>\n\t\t\t\t<\/div>\n\t\t\t\t<div class=\"elementor-element elementor-element-1eb67fc jltma-glass-effect-no elementor-widget elementor-widget-image\" data-id=\"1eb67fc\" data-element_type=\"widget\" data-e-type=\"widget\" data-widget_type=\"image.default\">\n\t\t\t\t<div class=\"elementor-widget-container\">\n\t\t\t\t\t\t\t\t\t\t\t\t\t\t\t<img fetchpriority=\"high\" decoding=\"async\" width=\"1200\" height=\"1395\" src=\"https:\/\/www.supercargo.com.co\/wp-content\/uploads\/2022\/08\/TABLA-INCOTERMS-1.jpg\" class=\"attachment-full size-full wp-image-2136\" alt=\"\" srcset=\"https:\/\/www.supercargo.com.co\/wp-content\/uploads\/2022\/08\/TABLA-INCOTERMS-1.jpg 1200w, https:\/\/www.supercargo.com.co\/wp-content\/uploads\/2022\/08\/TABLA-INCOTERMS-1-258x300.jpg 258w, https:\/\/www.supercargo.com.co\/wp-content\/uploads\/2022\/08\/TABLA-INCOTERMS-1-881x1024.jpg 881w, https:\/\/www.supercargo.com.co\/wp-content\/uploads\/2022\/08\/TABLA-INCOTERMS-1-768x893.jpg 768w\" sizes=\"(max-width: 1200px) 100vw, 1200px\" \/>\t\t\t\t\t\t\t\t\t\t\t\t\t\t\t<\/div>\n\t\t\t\t<\/div>\n\t\t\t\t<div class=\"elementor-element elementor-element-0868aef jltma-glass-effect-no elementor-widget elementor-widget-eael-adv-accordion\" data-id=\"0868aef\" data-element_type=\"widget\" data-e-type=\"widget\" data-widget_type=\"eael-adv-accordion.default\">\n\t\t\t\t<div class=\"elementor-widget-container\">\n\t\t\t\t\t            <div class=\"eael-adv-accordion\" id=\"eael-adv-accordion-0868aef\" data-scroll-on-click=\"no\" data-scroll-speed=\"300\" data-accordion-id=\"0868aef\" data-accordion-type=\"accordion\" data-toogle-speed=\"300\">\n            <div class=\"eael-accordion-list\">\n\t\t\t\t\t<div id=\"exw-ex-works-\" class=\"elementor-tab-title eael-accordion-header\" tabindex=\"0\" data-tab=\"1\" aria-controls=\"elementor-tab-content-8811\"><span class=\"eael-advanced-accordion-icon-closed\"><i aria-hidden=\"true\" class=\"fa-accordion-icon fas fa-plus\"><\/i><\/span><span class=\"eael-advanced-accordion-icon-opened\"><i aria-hidden=\"true\" class=\"fa-accordion-icon fas fa-minus\"><\/i><\/span><span class=\"eael-accordion-tab-title\">EXW EX Works <\/span><i aria-hidden=\"true\" class=\"fa-toggle fas fa-angle-right\"><\/i><\/div><div id=\"elementor-tab-content-8811\" class=\"eael-accordion-content clearfix\" data-tab=\"1\" aria-labelledby=\"exw-ex-works-\"><p>La obligaci\u00f3n del vendedor es poner en dispocion la mercancia del comprador en las instalaciones o almacenes correspondientes.<\/p><p>El comprador asume los gastos, responsabilidades y tr\u00e1mites aduaneros de la carga posteriormente a la entrega de la mercancia por parte del vendedor.<\/p><\/div>\n\t\t\t\t\t<\/div><div class=\"eael-accordion-list\">\n\t\t\t\t\t<div id=\"fca-free-carrier-\" class=\"elementor-tab-title eael-accordion-header\" tabindex=\"0\" data-tab=\"2\" aria-controls=\"elementor-tab-content-8812\"><span class=\"eael-advanced-accordion-icon-closed\"><i aria-hidden=\"true\" class=\"fa-accordion-icon fas fa-plus\"><\/i><\/span><span class=\"eael-advanced-accordion-icon-opened\"><i aria-hidden=\"true\" class=\"fa-accordion-icon fas fa-minus\"><\/i><\/span><span class=\"eael-accordion-tab-title\">FCA  Free Carrier <\/span><i aria-hidden=\"true\" class=\"fa-toggle fas fa-angle-right\"><\/i><\/div><div id=\"elementor-tab-content-8812\" class=\"eael-accordion-content clearfix\" data-tab=\"2\" aria-labelledby=\"fca-free-carrier-\"><p>Hace referencia a puertos, aeropuertos, etc (utilitzar FCA F\u00e1brica o FCA Terminal)<\/p><ul><li>FCA F\u00e1brica : El vendendor debe cargar y entregar la mercanc\u00eda en el medio de transporte que proporciona el comprador, el cual \u00e9l asume los riesgos y costos del transporte.<\/li><li>FCA Terminal : El vendedor asume los riesgos y costos durante el transporte interior y tr\u00e1mites aduaneros. S\u00f3lo se puede entregar la carga en el lugar establecido. En el momento en que se deje la carga en el sitio la responsabilidad de descarga y manipulaci\u00f3n ser\u00e1 del comprador.<\/li><\/ul><\/div>\n\t\t\t\t\t<\/div><div class=\"eael-accordion-list\">\n\t\t\t\t\t<div id=\"cpt-carriage-paid-to-transporte-pagado-hasta\" class=\"elementor-tab-title eael-accordion-header\" tabindex=\"0\" data-tab=\"3\" aria-controls=\"elementor-tab-content-8813\"><span class=\"eael-advanced-accordion-icon-closed\"><i aria-hidden=\"true\" class=\"fa-accordion-icon fas fa-plus\"><\/i><\/span><span class=\"eael-advanced-accordion-icon-opened\"><i aria-hidden=\"true\" class=\"fa-accordion-icon fas fa-minus\"><\/i><\/span><span class=\"eael-accordion-tab-title\">CPT Carriage paid to \/ Transporte pagado hasta<\/span><i aria-hidden=\"true\" class=\"fa-toggle fas fa-angle-right\"><\/i><\/div><div id=\"elementor-tab-content-8813\" class=\"eael-accordion-content clearfix\" data-tab=\"3\" aria-labelledby=\"cpt-carriage-paid-to-transporte-pagado-hasta\"><p>El vendedor debe encargarse de todos los gastos.<\/p><p>El comprador asume la contrataci\u00f3n del seguro (opcional) y los tr\u00e1mites de importaci\u00f3n. El riesgo durante el trayecto es por parte del comprador.<\/p><\/div>\n\t\t\t\t\t<\/div><div class=\"eael-accordion-list\">\n\t\t\t\t\t<div id=\"cip-carriage-and-insurance-paid-transporte-y-seguro-pagados-hasta-\" class=\"elementor-tab-title eael-accordion-header\" tabindex=\"0\" data-tab=\"4\" aria-controls=\"elementor-tab-content-8814\"><span class=\"eael-advanced-accordion-icon-closed\"><i aria-hidden=\"true\" class=\"fa-accordion-icon fas fa-plus\"><\/i><\/span><span class=\"eael-advanced-accordion-icon-opened\"><i aria-hidden=\"true\" class=\"fa-accordion-icon fas fa-minus\"><\/i><\/span><span class=\"eael-accordion-tab-title\">CIP Carriage and Insurance Paid \/ Transporte y seguro pagados hasta <\/span><i aria-hidden=\"true\" class=\"fa-toggle fas fa-angle-right\"><\/i><\/div><div id=\"elementor-tab-content-8814\" class=\"eael-accordion-content clearfix\" data-tab=\"4\" aria-labelledby=\"cip-carriage-and-insurance-paid-transporte-y-seguro-pagados-hasta-\"><p>El vendedor es responsable de los gastos hasta entrega del destino. Esto incluye: Gastos de origen, flete, transporte principal, despacho de exportaci\u00f3n y la cobertura de seguro (en el seguro se DEBE poner al comprador como el beneficiario de ese seguro).<\/p><p>El comprador asume los tr\u00e1mites de importaci\u00f3n y riesgos durante el trayecto.<\/p><\/div>\n\t\t\t\t\t<\/div><div class=\"eael-accordion-list\">\n\t\t\t\t\t<div id=\"dap-delivered-at-place-entregado-en-punto-de-destino-\" class=\"elementor-tab-title eael-accordion-header\" tabindex=\"0\" data-tab=\"5\" aria-controls=\"elementor-tab-content-8815\"><span class=\"eael-advanced-accordion-icon-closed\"><i aria-hidden=\"true\" class=\"fa-accordion-icon fas fa-plus\"><\/i><\/span><span class=\"eael-advanced-accordion-icon-opened\"><i aria-hidden=\"true\" class=\"fa-accordion-icon fas fa-minus\"><\/i><\/span><span class=\"eael-accordion-tab-title\">DAP Delivered at place \/ Entregado en punto de destino <\/span><i aria-hidden=\"true\" class=\"fa-toggle fas fa-angle-right\"><\/i><\/div><div id=\"elementor-tab-content-8815\" class=\"eael-accordion-content clearfix\" data-tab=\"5\" aria-labelledby=\"dap-delivered-at-place-entregado-en-punto-de-destino-\"><p>El vendedor es responsable de los gastos y riesgos haciendo excepci\u00f3n del despacho de importaci\u00f3n y la descarga en el lugar determinado. Si se desea tomar seguro los gastos corresponden al vendedor.<\/p><p>El comprador s\u00f3lo se ocupa del despacho de importaci\u00f3n y la descarga.<\/p><\/div>\n\t\t\t\t\t<\/div><div class=\"eael-accordion-list\">\n\t\t\t\t\t<div id=\"dpu-delivered-at-place-unloaded-entregado-en-el-lugar-de-descarga\" class=\"elementor-tab-title eael-accordion-header\" tabindex=\"0\" data-tab=\"6\" aria-controls=\"elementor-tab-content-8816\"><span class=\"eael-advanced-accordion-icon-closed\"><i aria-hidden=\"true\" class=\"fa-accordion-icon fas fa-plus\"><\/i><\/span><span class=\"eael-advanced-accordion-icon-opened\"><i aria-hidden=\"true\" class=\"fa-accordion-icon fas fa-minus\"><\/i><\/span><span class=\"eael-accordion-tab-title\">DPU Delivered at place Unloaded \/ Entregado en el lugar de descarga<\/span><i aria-hidden=\"true\" class=\"fa-toggle fas fa-angle-right\"><\/i><\/div><div id=\"elementor-tab-content-8816\" class=\"eael-accordion-content clearfix\" data-tab=\"6\" aria-labelledby=\"dpu-delivered-at-place-unloaded-entregado-en-el-lugar-de-descarga\"><p>El vendedor asume los riesgos y costos del origen, embalaje, la carga, despacho de exportaci\u00f3n, flete, descarga y entrega en el lugar pactado con el comprador.<\/p><p>El comprador es responsable de los tr\u00e1mites del despacho de importaci\u00f3n.<\/p><\/div>\n\t\t\t\t\t<\/div><div class=\"eael-accordion-list\">\n\t\t\t\t\t<div id=\"ddp-deliveres-duty-paid-entregado-con-despacho-pagados-\" class=\"elementor-tab-title eael-accordion-header\" tabindex=\"0\" data-tab=\"7\" aria-controls=\"elementor-tab-content-8817\"><span class=\"eael-advanced-accordion-icon-closed\"><i aria-hidden=\"true\" class=\"fa-accordion-icon fas fa-plus\"><\/i><\/span><span class=\"eael-advanced-accordion-icon-opened\"><i aria-hidden=\"true\" class=\"fa-accordion-icon fas fa-minus\"><\/i><\/span><span class=\"eael-accordion-tab-title\">DDP Deliveres Duty Paid \/ Entregado con despacho pagados <\/span><i aria-hidden=\"true\" class=\"fa-toggle fas fa-angle-right\"><\/i><\/div><div id=\"elementor-tab-content-8817\" class=\"eael-accordion-content clearfix\" data-tab=\"7\" aria-labelledby=\"ddp-deliveres-duty-paid-entregado-con-despacho-pagados-\"><p>El vendedor asume los gastos y riesgos en su totalidad. El comprador s\u00f3lo debe encargarse de recibir la mercanc\u00eda.<\/p><\/div>\n\t\t\t\t\t<\/div><div class=\"eael-accordion-list\">\n\t\t\t\t\t<div id=\"fas-free-alongside-ship-libre-al-costado-del-buque\" class=\"elementor-tab-title eael-accordion-header\" tabindex=\"0\" data-tab=\"8\" aria-controls=\"elementor-tab-content-8818\"><span class=\"eael-advanced-accordion-icon-closed\"><i aria-hidden=\"true\" class=\"fa-accordion-icon fas fa-plus\"><\/i><\/span><span class=\"eael-advanced-accordion-icon-opened\"><i aria-hidden=\"true\" class=\"fa-accordion-icon fas fa-minus\"><\/i><\/span><span class=\"eael-accordion-tab-title\">FAS Free Alongside Ship \/ Libre al costado del buque<\/span><i aria-hidden=\"true\" class=\"fa-toggle fas fa-angle-right\"><\/i><\/div><div id=\"elementor-tab-content-8818\" class=\"eael-accordion-content clearfix\" data-tab=\"8\" aria-labelledby=\"fas-free-alongside-ship-libre-al-costado-del-buque\"><p>El vendedor asume los gastos hasta entregar la mercanc\u00eda en el muelle de carga del puerto de origen. No incluye subir la mercanc\u00eda al buque.<\/p><p>El comprador administra la carga a bordo y los gastos hasta la entrega en el lugar pactado. tambi\u00e9n asume los riesgos cuando la mercanc\u00eda est\u00e1 en el muelle de carga para posteriormente cargarse al buque.<\/p><\/div>\n\t\t\t\t\t<\/div><div class=\"eael-accordion-list\">\n\t\t\t\t\t<div id=\"fob-free-on-board-libre-a-bordo-\" class=\"elementor-tab-title eael-accordion-header\" tabindex=\"0\" data-tab=\"9\" aria-controls=\"elementor-tab-content-8819\"><span class=\"eael-advanced-accordion-icon-closed\"><i aria-hidden=\"true\" class=\"fa-accordion-icon fas fa-plus\"><\/i><\/span><span class=\"eael-advanced-accordion-icon-opened\"><i aria-hidden=\"true\" class=\"fa-accordion-icon fas fa-minus\"><\/i><\/span><span class=\"eael-accordion-tab-title\">FOB Free On Board \/ Libre a bordo <\/span><i aria-hidden=\"true\" class=\"fa-toggle fas fa-angle-right\"><\/i><\/div><div id=\"elementor-tab-content-8819\" class=\"eael-accordion-content clearfix\" data-tab=\"9\" aria-labelledby=\"fob-free-on-board-libre-a-bordo-\"><p>El vendedor se hace cargo por los riesgos y gasos hasta que la mercancia sube a bordo.<\/p><p>El comprador se encarga de contratar los medios de transporte, los tr\u00e1mites de importaci\u00f3n, costes del flete, descarga y entrega en el destino.<\/p><\/div>\n\t\t\t\t\t<\/div><div class=\"eael-accordion-list\">\n\t\t\t\t\t<div id=\"cfr-cost-and-freight-coste-y-flete-\" class=\"elementor-tab-title eael-accordion-header\" tabindex=\"0\" data-tab=\"10\" aria-controls=\"elementor-tab-content-88110\"><span class=\"eael-advanced-accordion-icon-closed\"><i aria-hidden=\"true\" class=\"fa-accordion-icon fas fa-plus\"><\/i><\/span><span class=\"eael-advanced-accordion-icon-opened\"><i aria-hidden=\"true\" class=\"fa-accordion-icon fas fa-minus\"><\/i><\/span><span class=\"eael-accordion-tab-title\">CFR Cost and Freight \/ Coste y Flete <\/span><i aria-hidden=\"true\" class=\"fa-toggle fas fa-angle-right\"><\/i><\/div><div id=\"elementor-tab-content-88110\" class=\"eael-accordion-content clearfix\" data-tab=\"10\" aria-labelledby=\"cfr-cost-and-freight-coste-y-flete-\"><p>El vendedor asume todos los gastos hasta que la mercanc\u00eda llegue al puerto asignado. El comprador asume los riesgos cuando la mercanc\u00eda est\u00e1 a bordo. Es recomendado asegurar la carga.<\/p><\/div>\n\t\t\t\t\t<\/div><div class=\"eael-accordion-list\">\n\t\t\t\t\t<div id=\"cif-cost-insurance-and-freight-coste-seguro-y-flete-\" class=\"elementor-tab-title eael-accordion-header\" tabindex=\"0\" data-tab=\"11\" aria-controls=\"elementor-tab-content-88111\"><span class=\"eael-advanced-accordion-icon-closed\"><i aria-hidden=\"true\" class=\"fa-accordion-icon fas fa-plus\"><\/i><\/span><span class=\"eael-advanced-accordion-icon-opened\"><i aria-hidden=\"true\" class=\"fa-accordion-icon fas fa-minus\"><\/i><\/span><span class=\"eael-accordion-tab-title\">CIF Cost, Insurance and Freight \/ Coste, Seguro y Flete <\/span><i aria-hidden=\"true\" class=\"fa-toggle fas fa-angle-right\"><\/i><\/div><div id=\"elementor-tab-content-88111\" class=\"eael-accordion-content clearfix\" data-tab=\"11\" aria-labelledby=\"cif-cost-insurance-and-freight-coste-seguro-y-flete-\"><p>El vendedor asume todos los gastos hasta la llegada al puerto asignado. Se debe contratar seguro.<\/p><p>El comprador sume los riesgos durante el trayecto y los gastos de importaci\u00f3n y sus medios de transporte.<\/p><\/div>\n\t\t\t\t\t<\/div><\/div>\t\t\t\t<\/div>\n\t\t\t\t<\/div>\n\t\t\t\t\t<\/div>\n\t\t<\/div>\n\t\t\t\t\t<\/div>\n\t\t<\/section>\n\t\t\t\t<\/div>\n\t\t","protected":false},"excerpt":{"rendered":"<p>incoterms EXW EX Works La obligaci\u00f3n del vendedor es poner en dispocion la mercancia del comprador en las instalaciones o almacenes correspondientes. El comprador asume los gastos, responsabilidades y tr\u00e1mites aduaneros de la carga posteriormente a la entrega de la mercancia por parte del vendedor. FCA Free Carrier Hace referencia a puertos, aeropuertos, etc (utilitzar &#8230; <a title=\"Incoterms 2020\" class=\"read-more\" href=\"https:\/\/www.supercargo.com.co\/?page_id=1514\" aria-label=\"M\u00e1s en Incoterms 2020\">Leer m\u00e1s<\/a><\/p>\n","protected":false},"author":1,"featured_media":0,"parent":0,"menu_order":0,"comment_status":"closed","ping_status":"closed","template":"elementor_header_footer","meta":{"_joinchat":[],"footnotes":""},"class_list":["post-1514","page","type-page","status-publish"],"yoast_head":"<!-- This site is optimized with the Yoast SEO plugin v27.3 - https:\/\/yoast.com\/product\/yoast-seo-wordpress\/ -->\n<title>Incoterms 2020 - Supercargo<\/title>\n<meta name=\"robots\" content=\"index, follow, max-snippet:-1, max-image-preview:large, max-video-preview:-1\" \/>\n<link rel=\"canonical\" href=\"https:\/\/www.supercargo.com.co\/?page_id=1514\" \/>\n<meta property=\"og:locale\" content=\"es_ES\" \/>\n<meta property=\"og:type\" content=\"article\" \/>\n<meta property=\"og:title\" content=\"Incoterms 2020 - Supercargo\" \/>\n<meta property=\"og:description\" content=\"incoterms EXW EX Works La obligaci\u00f3n del vendedor es poner en dispocion la mercancia del comprador en las instalaciones o almacenes correspondientes. El comprador asume los gastos, responsabilidades y tr\u00e1mites aduaneros de la carga posteriormente a la entrega de la mercancia por parte del vendedor. FCA Free Carrier Hace referencia a puertos, aeropuertos, etc (utilitzar ... Leer m\u00e1s\" \/>\n<meta property=\"og:url\" content=\"https:\/\/www.supercargo.com.co\/?page_id=1514\" \/>\n<meta property=\"og:site_name\" content=\"Supercargo\" \/>\n<meta property=\"article:modified_time\" content=\"2022-08-26T15:39:09+00:00\" \/>\n<meta property=\"og:image\" content=\"https:\/\/www.supercargo.brandingsolutions.com.co\/wp-content\/uploads\/2022\/08\/TABLA-INCOTERMS-1.jpg\" \/>\n<meta name=\"twitter:card\" content=\"summary_large_image\" \/>\n<meta name=\"twitter:label1\" content=\"Tiempo de lectura\" \/>\n\t<meta name=\"twitter:data1\" content=\"3 minutos\" \/>\n<script type=\"application\/ld+json\" class=\"yoast-schema-graph\">{\"@context\":\"https:\\\/\\\/schema.org\",\"@graph\":[{\"@type\":\"WebPage\",\"@id\":\"https:\\\/\\\/www.supercargo.com.co\\\/?page_id=1514\",\"url\":\"https:\\\/\\\/www.supercargo.com.co\\\/?page_id=1514\",\"name\":\"Incoterms 2020 - Supercargo\",\"isPartOf\":{\"@id\":\"https:\\\/\\\/www.supercargo.com.co\\\/#website\"},\"primaryImageOfPage\":{\"@id\":\"https:\\\/\\\/www.supercargo.com.co\\\/?page_id=1514#primaryimage\"},\"image\":{\"@id\":\"https:\\\/\\\/www.supercargo.com.co\\\/?page_id=1514#primaryimage\"},\"thumbnailUrl\":\"https:\\\/\\\/www.supercargo.brandingsolutions.com.co\\\/wp-content\\\/uploads\\\/2022\\\/08\\\/TABLA-INCOTERMS-1.jpg\",\"datePublished\":\"2022-08-04T05:27:22+00:00\",\"dateModified\":\"2022-08-26T15:39:09+00:00\",\"breadcrumb\":{\"@id\":\"https:\\\/\\\/www.supercargo.com.co\\\/?page_id=1514#breadcrumb\"},\"inLanguage\":\"es\",\"potentialAction\":[{\"@type\":\"ReadAction\",\"target\":[\"https:\\\/\\\/www.supercargo.com.co\\\/?page_id=1514\"]}]},{\"@type\":\"ImageObject\",\"inLanguage\":\"es\",\"@id\":\"https:\\\/\\\/www.supercargo.com.co\\\/?page_id=1514#primaryimage\",\"url\":\"https:\\\/\\\/www.supercargo.brandingsolutions.com.co\\\/wp-content\\\/uploads\\\/2022\\\/08\\\/TABLA-INCOTERMS-1.jpg\",\"contentUrl\":\"https:\\\/\\\/www.supercargo.brandingsolutions.com.co\\\/wp-content\\\/uploads\\\/2022\\\/08\\\/TABLA-INCOTERMS-1.jpg\"},{\"@type\":\"BreadcrumbList\",\"@id\":\"https:\\\/\\\/www.supercargo.com.co\\\/?page_id=1514#breadcrumb\",\"itemListElement\":[{\"@type\":\"ListItem\",\"position\":1,\"name\":\"Portada\",\"item\":\"https:\\\/\\\/www.supercargo.com.co\\\/\"},{\"@type\":\"ListItem\",\"position\":2,\"name\":\"Incoterms 2020\"}]},{\"@type\":\"WebSite\",\"@id\":\"https:\\\/\\\/www.supercargo.com.co\\\/#website\",\"url\":\"https:\\\/\\\/www.supercargo.com.co\\\/\",\"name\":\"Supercargo\",\"description\":\"Supercargo\",\"publisher\":{\"@id\":\"https:\\\/\\\/www.supercargo.com.co\\\/#organization\"},\"potentialAction\":[{\"@type\":\"SearchAction\",\"target\":{\"@type\":\"EntryPoint\",\"urlTemplate\":\"https:\\\/\\\/www.supercargo.com.co\\\/?s={search_term_string}\"},\"query-input\":{\"@type\":\"PropertyValueSpecification\",\"valueRequired\":true,\"valueName\":\"search_term_string\"}}],\"inLanguage\":\"es\"},{\"@type\":\"Organization\",\"@id\":\"https:\\\/\\\/www.supercargo.com.co\\\/#organization\",\"name\":\"Supercargo\",\"url\":\"https:\\\/\\\/www.supercargo.com.co\\\/\",\"logo\":{\"@type\":\"ImageObject\",\"inLanguage\":\"es\",\"@id\":\"https:\\\/\\\/www.supercargo.com.co\\\/#\\\/schema\\\/logo\\\/image\\\/\",\"url\":\"https:\\\/\\\/www.supercargo.com.co\\\/wp-content\\\/uploads\\\/2022\\\/08\\\/LOGO-SUPERCARGO.png\",\"contentUrl\":\"https:\\\/\\\/www.supercargo.com.co\\\/wp-content\\\/uploads\\\/2022\\\/08\\\/LOGO-SUPERCARGO.png\",\"width\":660,\"height\":314,\"caption\":\"Supercargo\"},\"image\":{\"@id\":\"https:\\\/\\\/www.supercargo.com.co\\\/#\\\/schema\\\/logo\\\/image\\\/\"}}]}<\/script>\n<!-- \/ Yoast SEO plugin. -->","yoast_head_json":{"title":"Incoterms 2020 - Supercargo","robots":{"index":"index","follow":"follow","max-snippet":"max-snippet:-1","max-image-preview":"max-image-preview:large","max-video-preview":"max-video-preview:-1"},"canonical":"https:\/\/www.supercargo.com.co\/?page_id=1514","og_locale":"es_ES","og_type":"article","og_title":"Incoterms 2020 - Supercargo","og_description":"incoterms EXW EX Works La obligaci\u00f3n del vendedor es poner en dispocion la mercancia del comprador en las instalaciones o almacenes correspondientes. El comprador asume los gastos, responsabilidades y tr\u00e1mites aduaneros de la carga posteriormente a la entrega de la mercancia por parte del vendedor. FCA Free Carrier Hace referencia a puertos, aeropuertos, etc (utilitzar ... Leer m\u00e1s","og_url":"https:\/\/www.supercargo.com.co\/?page_id=1514","og_site_name":"Supercargo","article_modified_time":"2022-08-26T15:39:09+00:00","og_image":[{"url":"https:\/\/www.supercargo.brandingsolutions.com.co\/wp-content\/uploads\/2022\/08\/TABLA-INCOTERMS-1.jpg","type":"","width":"","height":""}],"twitter_card":"summary_large_image","twitter_misc":{"Tiempo de lectura":"3 minutos"},"schema":{"@context":"https:\/\/schema.org","@graph":[{"@type":"WebPage","@id":"https:\/\/www.supercargo.com.co\/?page_id=1514","url":"https:\/\/www.supercargo.com.co\/?page_id=1514","name":"Incoterms 2020 - Supercargo","isPartOf":{"@id":"https:\/\/www.supercargo.com.co\/#website"},"primaryImageOfPage":{"@id":"https:\/\/www.supercargo.com.co\/?page_id=1514#primaryimage"},"image":{"@id":"https:\/\/www.supercargo.com.co\/?page_id=1514#primaryimage"},"thumbnailUrl":"https:\/\/www.supercargo.brandingsolutions.com.co\/wp-content\/uploads\/2022\/08\/TABLA-INCOTERMS-1.jpg","datePublished":"2022-08-04T05:27:22+00:00","dateModified":"2022-08-26T15:39:09+00:00","breadcrumb":{"@id":"https:\/\/www.supercargo.com.co\/?page_id=1514#breadcrumb"},"inLanguage":"es","potentialAction":[{"@type":"ReadAction","target":["https:\/\/www.supercargo.com.co\/?page_id=1514"]}]},{"@type":"ImageObject","inLanguage":"es","@id":"https:\/\/www.supercargo.com.co\/?page_id=1514#primaryimage","url":"https:\/\/www.supercargo.brandingsolutions.com.co\/wp-content\/uploads\/2022\/08\/TABLA-INCOTERMS-1.jpg","contentUrl":"https:\/\/www.supercargo.brandingsolutions.com.co\/wp-content\/uploads\/2022\/08\/TABLA-INCOTERMS-1.jpg"},{"@type":"BreadcrumbList","@id":"https:\/\/www.supercargo.com.co\/?page_id=1514#breadcrumb","itemListElement":[{"@type":"ListItem","position":1,"name":"Portada","item":"https:\/\/www.supercargo.com.co\/"},{"@type":"ListItem","position":2,"name":"Incoterms 2020"}]},{"@type":"WebSite","@id":"https:\/\/www.supercargo.com.co\/#website","url":"https:\/\/www.supercargo.com.co\/","name":"Supercargo","description":"Supercargo","publisher":{"@id":"https:\/\/www.supercargo.com.co\/#organization"},"potentialAction":[{"@type":"SearchAction","target":{"@type":"EntryPoint","urlTemplate":"https:\/\/www.supercargo.com.co\/?s={search_term_string}"},"query-input":{"@type":"PropertyValueSpecification","valueRequired":true,"valueName":"search_term_string"}}],"inLanguage":"es"},{"@type":"Organization","@id":"https:\/\/www.supercargo.com.co\/#organization","name":"Supercargo","url":"https:\/\/www.supercargo.com.co\/","logo":{"@type":"ImageObject","inLanguage":"es","@id":"https:\/\/www.supercargo.com.co\/#\/schema\/logo\/image\/","url":"https:\/\/www.supercargo.com.co\/wp-content\/uploads\/2022\/08\/LOGO-SUPERCARGO.png","contentUrl":"https:\/\/www.supercargo.com.co\/wp-content\/uploads\/2022\/08\/LOGO-SUPERCARGO.png","width":660,"height":314,"caption":"Supercargo"},"image":{"@id":"https:\/\/www.supercargo.com.co\/#\/schema\/logo\/image\/"}}]}},"_links":{"self":[{"href":"https:\/\/www.supercargo.com.co\/index.php?rest_route=\/wp\/v2\/pages\/1514","targetHints":{"allow":["GET"]}}],"collection":[{"href":"https:\/\/www.supercargo.com.co\/index.php?rest_route=\/wp\/v2\/pages"}],"about":[{"href":"https:\/\/www.supercargo.com.co\/index.php?rest_route=\/wp\/v2\/types\/page"}],"author":[{"embeddable":true,"href":"https:\/\/www.supercargo.com.co\/index.php?rest_route=\/wp\/v2\/users\/1"}],"replies":[{"embeddable":true,"href":"https:\/\/www.supercargo.com.co\/index.php?rest_route=%2Fwp%2Fv2%2Fcomments&post=1514"}],"version-history":[{"count":0,"href":"https:\/\/www.supercargo.com.co\/index.php?rest_route=\/wp\/v2\/pages\/1514\/revisions"}],"wp:attachment":[{"href":"https:\/\/www.supercargo.com.co\/index.php?rest_route=%2Fwp%2Fv2%2Fmedia&parent=1514"}],"curies":[{"name":"wp","href":"https:\/\/api.w.org\/{rel}","templated":true}]}}