{"id":1478,"date":"2022-08-04T05:00:09","date_gmt":"2022-08-04T05:00:09","guid":{"rendered":"https:\/\/www.supercargo.brandingsolutions.com.co\/?page_id=1478"},"modified":"2022-08-26T02:32:01","modified_gmt":"2022-08-26T02:32:01","slug":"agenciamiento-aduanero","status":"publish","type":"page","link":"https:\/\/www.supercargo.com.co\/?page_id=1478","title":{"rendered":"Agenciamiento Aduanero"},"content":{"rendered":"\t\t<div data-elementor-type=\"wp-page\" data-elementor-id=\"1478\" class=\"elementor elementor-1478\">\n\t\t\t\t\t\t<section class=\"elementor-section elementor-top-section elementor-element elementor-element-f5f6112 elementor-section-stretched elementor-section-boxed elementor-section-height-default elementor-section-height-default jltma-glass-effect-no\" data-id=\"f5f6112\" data-element_type=\"section\" data-e-type=\"section\" data-settings=\"{&quot;stretch_section&quot;:&quot;section-stretched&quot;,&quot;background_background&quot;:&quot;classic&quot;}\">\n\t\t\t\t\t\t\t<div class=\"elementor-background-overlay\"><\/div>\n\t\t\t\t\t\t\t<div class=\"elementor-container elementor-column-gap-default\">\n\t\t\t\t\t<div class=\"elementor-column elementor-col-50 elementor-top-column elementor-element elementor-element-1c403b7 jltma-glass-effect-no\" data-id=\"1c403b7\" data-element_type=\"column\" data-e-type=\"column\">\n\t\t\t<div class=\"elementor-widget-wrap elementor-element-populated\">\n\t\t\t\t\t\t<div class=\"elementor-element elementor-element-a496c69 jltma-glass-effect-no elementor-widget elementor-widget-heading\" data-id=\"a496c69\" data-element_type=\"widget\" data-e-type=\"widget\" data-widget_type=\"heading.default\">\n\t\t\t\t<div class=\"elementor-widget-container\">\n\t\t\t\t\t<h1 class=\"elementor-heading-title elementor-size-default\">Agenciamiento Aduanero<\/h1>\t\t\t\t<\/div>\n\t\t\t\t<\/div>\n\t\t\t\t<section class=\"elementor-section elementor-inner-section elementor-element elementor-element-0d29936 elementor-section-boxed elementor-section-height-default elementor-section-height-default jltma-glass-effect-no elementor-invisible\" data-id=\"0d29936\" data-element_type=\"section\" data-e-type=\"section\" data-settings=\"{&quot;animation&quot;:&quot;fadeInUp&quot;}\">\n\t\t\t\t\t\t<div class=\"elementor-container elementor-column-gap-default\">\n\t\t\t\t\t<div class=\"elementor-column elementor-col-33 elementor-inner-column elementor-element elementor-element-ccd252c jltma-glass-effect-no\" data-id=\"ccd252c\" data-element_type=\"column\" data-e-type=\"column\">\n\t\t\t<div class=\"elementor-widget-wrap elementor-element-populated\">\n\t\t\t\t\t\t<div class=\"elementor-element elementor-element-305911e elementor-view-default jltma-glass-effect-no elementor-widget elementor-widget-icon\" data-id=\"305911e\" data-element_type=\"widget\" data-e-type=\"widget\" data-widget_type=\"icon.default\">\n\t\t\t\t<div class=\"elementor-widget-container\">\n\t\t\t\t\t\t\t<div class=\"elementor-icon-wrapper\">\n\t\t\t<div class=\"elementor-icon\">\n\t\t\t<i aria-hidden=\"true\" class=\"fas fa-plane\"><\/i>\t\t\t<\/div>\n\t\t<\/div>\n\t\t\t\t\t\t<\/div>\n\t\t\t\t<\/div>\n\t\t\t\t\t<\/div>\n\t\t<\/div>\n\t\t\t\t<div class=\"elementor-column elementor-col-33 elementor-inner-column elementor-element elementor-element-e5c7e43 jltma-glass-effect-no\" data-id=\"e5c7e43\" data-element_type=\"column\" data-e-type=\"column\">\n\t\t\t<div class=\"elementor-widget-wrap elementor-element-populated\">\n\t\t\t\t\t\t<div class=\"elementor-element elementor-element-1614c38 elementor-view-default jltma-glass-effect-no elementor-widget elementor-widget-icon\" data-id=\"1614c38\" data-element_type=\"widget\" data-e-type=\"widget\" data-widget_type=\"icon.default\">\n\t\t\t\t<div class=\"elementor-widget-container\">\n\t\t\t\t\t\t\t<div class=\"elementor-icon-wrapper\">\n\t\t\t<div class=\"elementor-icon\">\n\t\t\t<i aria-hidden=\"true\" class=\"fas fa-shipping-fast\"><\/i>\t\t\t<\/div>\n\t\t<\/div>\n\t\t\t\t\t\t<\/div>\n\t\t\t\t<\/div>\n\t\t\t\t\t<\/div>\n\t\t<\/div>\n\t\t\t\t<div class=\"elementor-column elementor-col-33 elementor-inner-column elementor-element elementor-element-2aaf15b jltma-glass-effect-no\" data-id=\"2aaf15b\" data-element_type=\"column\" data-e-type=\"column\">\n\t\t\t<div class=\"elementor-widget-wrap elementor-element-populated\">\n\t\t\t\t\t\t<div class=\"elementor-element elementor-element-a76a253 elementor-view-default jltma-glass-effect-no elementor-widget elementor-widget-icon\" data-id=\"a76a253\" data-element_type=\"widget\" data-e-type=\"widget\" data-widget_type=\"icon.default\">\n\t\t\t\t<div class=\"elementor-widget-container\">\n\t\t\t\t\t\t\t<div class=\"elementor-icon-wrapper\">\n\t\t\t<div class=\"elementor-icon\">\n\t\t\t<i aria-hidden=\"true\" class=\"fas fa-ship\"><\/i>\t\t\t<\/div>\n\t\t<\/div>\n\t\t\t\t\t\t<\/div>\n\t\t\t\t<\/div>\n\t\t\t\t\t<\/div>\n\t\t<\/div>\n\t\t\t\t\t<\/div>\n\t\t<\/section>\n\t\t\t\t\t<\/div>\n\t\t<\/div>\n\t\t\t\t<div class=\"elementor-column elementor-col-50 elementor-top-column elementor-element elementor-element-61d187d jltma-glass-effect-no\" data-id=\"61d187d\" data-element_type=\"column\" data-e-type=\"column\">\n\t\t\t<div class=\"elementor-widget-wrap\">\n\t\t\t\t\t\t\t<\/div>\n\t\t<\/div>\n\t\t\t\t\t<\/div>\n\t\t<\/section>\n\t\t\t\t<section class=\"elementor-section elementor-top-section elementor-element elementor-element-6fc43a2 elementor-section-boxed elementor-section-height-default elementor-section-height-default jltma-glass-effect-no\" data-id=\"6fc43a2\" data-element_type=\"section\" data-e-type=\"section\">\n\t\t\t\t\t\t<div class=\"elementor-container elementor-column-gap-default\">\n\t\t\t\t\t<div class=\"elementor-column elementor-col-100 elementor-top-column elementor-element elementor-element-7cde301 jltma-glass-effect-no\" data-id=\"7cde301\" data-element_type=\"column\" data-e-type=\"column\">\n\t\t\t<div class=\"elementor-widget-wrap elementor-element-populated\">\n\t\t\t\t\t\t<section class=\"elementor-section elementor-inner-section elementor-element elementor-element-8ee7353 elementor-section-full_width elementor-section-height-default elementor-section-height-default jltma-glass-effect-no\" data-id=\"8ee7353\" data-element_type=\"section\" data-e-type=\"section\">\n\t\t\t\t\t\t<div class=\"elementor-container elementor-column-gap-default\">\n\t\t\t\t\t<div class=\"elementor-column elementor-col-50 elementor-inner-column elementor-element elementor-element-c5b17a6 jltma-glass-effect-no\" data-id=\"c5b17a6\" data-element_type=\"column\" data-e-type=\"column\">\n\t\t\t<div class=\"elementor-widget-wrap elementor-element-populated\">\n\t\t\t\t\t\t<div class=\"elementor-element elementor-element-2eab06c jltma-glass-effect-no elementor-widget elementor-widget-heading\" data-id=\"2eab06c\" data-element_type=\"widget\" data-e-type=\"widget\" data-widget_type=\"heading.default\">\n\t\t\t\t<div class=\"elementor-widget-container\">\n\t\t\t\t\t<h2 class=\"elementor-heading-title elementor-size-default\">Para el \u00e9xito de sus operaciones, ofrecemos un servicio integral de Comercio Exterior que incluye la asesor\u00eda y orientaci\u00f3n en todos los aspectos de \u00e9ste, estructurado como una herramienta para su beneficio, atravez de nuestro aliado estrat\u00e9gico <\/h2>\t\t\t\t<\/div>\n\t\t\t\t<\/div>\n\t\t\t\t<div class=\"elementor-element elementor-element-0a5e73a jltma-glass-effect-no elementor-widget elementor-widget-heading\" data-id=\"0a5e73a\" data-element_type=\"widget\" data-e-type=\"widget\" data-widget_type=\"heading.default\">\n\t\t\t\t<div class=\"elementor-widget-container\">\n\t\t\t\t\t<h2 class=\"elementor-heading-title elementor-size-default\">AGENCIA DE ADUANAS CONTINENTAL DE ADUANAS S.A.S. Nivel 1<\/h2>\t\t\t\t<\/div>\n\t\t\t\t<\/div>\n\t\t\t\t\t<\/div>\n\t\t<\/div>\n\t\t\t\t<div class=\"elementor-column elementor-col-50 elementor-inner-column elementor-element elementor-element-60030b1 jltma-glass-effect-no\" data-id=\"60030b1\" data-element_type=\"column\" data-e-type=\"column\">\n\t\t\t<div class=\"elementor-widget-wrap elementor-element-populated\">\n\t\t\t\t\t\t<div class=\"elementor-element elementor-element-9410c1b jltma-glass-effect-no elementor-widget elementor-widget-image\" data-id=\"9410c1b\" data-element_type=\"widget\" data-e-type=\"widget\" data-widget_type=\"image.default\">\n\t\t\t\t<div class=\"elementor-widget-container\">\n\t\t\t\t\t\t\t\t\t\t\t\t\t\t\t<img fetchpriority=\"high\" decoding=\"async\" width=\"900\" height=\"548\" src=\"https:\/\/www.supercargo.com.co\/wp-content\/uploads\/2022\/08\/Infografi\u0301a-PAGINA_-Supercargo_05.png\" class=\"attachment-large size-large wp-image-1602\" alt=\"\" srcset=\"https:\/\/www.supercargo.com.co\/wp-content\/uploads\/2022\/08\/Infografi\u0301a-PAGINA_-Supercargo_05.png 900w, https:\/\/www.supercargo.com.co\/wp-content\/uploads\/2022\/08\/Infografi\u0301a-PAGINA_-Supercargo_05-300x183.png 300w, https:\/\/www.supercargo.com.co\/wp-content\/uploads\/2022\/08\/Infografi\u0301a-PAGINA_-Supercargo_05-768x468.png 768w\" sizes=\"(max-width: 900px) 100vw, 900px\" \/>\t\t\t\t\t\t\t\t\t\t\t\t\t\t\t<\/div>\n\t\t\t\t<\/div>\n\t\t\t\t\t<\/div>\n\t\t<\/div>\n\t\t\t\t\t<\/div>\n\t\t<\/section>\n\t\t\t\t\t<\/div>\n\t\t<\/div>\n\t\t\t\t\t<\/div>\n\t\t<\/section>\n\t\t\t\t<section class=\"elementor-section elementor-top-section elementor-element elementor-element-60dcb64 elementor-section-boxed elementor-section-height-default elementor-section-height-default jltma-glass-effect-no\" data-id=\"60dcb64\" data-element_type=\"section\" data-e-type=\"section\">\n\t\t\t\t\t\t<div class=\"elementor-container elementor-column-gap-default\">\n\t\t\t\t\t<div class=\"elementor-column elementor-col-100 elementor-top-column elementor-element elementor-element-99fa405 jltma-glass-effect-no\" data-id=\"99fa405\" data-element_type=\"column\" data-e-type=\"column\">\n\t\t\t<div class=\"elementor-widget-wrap elementor-element-populated\">\n\t\t\t\t\t\t<section class=\"elementor-section elementor-inner-section elementor-element elementor-element-a32712b elementor-section-boxed elementor-section-height-default elementor-section-height-default jltma-glass-effect-no\" data-id=\"a32712b\" data-element_type=\"section\" data-e-type=\"section\">\n\t\t\t\t\t\t<div class=\"elementor-container elementor-column-gap-default\">\n\t\t\t\t\t<div class=\"elementor-column elementor-col-100 elementor-inner-column elementor-element elementor-element-da2dd1c jltma-glass-effect-no\" data-id=\"da2dd1c\" data-element_type=\"column\" data-e-type=\"column\">\n\t\t\t<div class=\"elementor-widget-wrap elementor-element-populated\">\n\t\t\t\t\t\t<div class=\"elementor-element elementor-element-7a48320 jltma-glass-effect-no elementor-widget elementor-widget-heading\" data-id=\"7a48320\" data-element_type=\"widget\" data-e-type=\"widget\" data-widget_type=\"heading.default\">\n\t\t\t\t<div class=\"elementor-widget-container\">\n\t\t\t\t\t<h2 class=\"elementor-heading-title elementor-size-default\">\u00bfQuieres atenci\u00f3n personalizada para el manejo de tu carga? <\/h2>\t\t\t\t<\/div>\n\t\t\t\t<\/div>\n\t\t\t\t<div class=\"elementor-element elementor-element-c3ca5cc jltma-glass-effect-no elementor-widget elementor-widget-text-editor\" data-id=\"c3ca5cc\" data-element_type=\"widget\" data-e-type=\"widget\" data-widget_type=\"text-editor.default\">\n\t\t\t\t<div class=\"elementor-widget-container\">\n\t\t\t\t\t\t\t\t\t<p>Cont\u00e1ctanos ahora, un asesor experto atender\u00e1 tu solicitud para ofrecerte la mejor soluci\u00f3n<\/p>\t\t\t\t\t\t\t\t<\/div>\n\t\t\t\t<\/div>\n\t\t\t\t\t<\/div>\n\t\t<\/div>\n\t\t\t\t\t<\/div>\n\t\t<\/section>\n\t\t\t\t\t<\/div>\n\t\t<\/div>\n\t\t\t\t\t<\/div>\n\t\t<\/section>\n\t\t\t\t<section class=\"elementor-section elementor-top-section elementor-element elementor-element-5864dfe elementor-section-boxed elementor-section-height-default elementor-section-height-default jltma-glass-effect-no\" data-id=\"5864dfe\" data-element_type=\"section\" data-e-type=\"section\">\n\t\t\t\t\t\t<div class=\"elementor-container elementor-column-gap-default\">\n\t\t\t\t\t<div class=\"elementor-column elementor-col-100 elementor-top-column elementor-element elementor-element-406cabc jltma-glass-effect-no\" data-id=\"406cabc\" data-element_type=\"column\" data-e-type=\"column\">\n\t\t\t<div class=\"elementor-widget-wrap elementor-element-populated\">\n\t\t\t\t\t\t<section class=\"elementor-section elementor-inner-section elementor-element elementor-element-e1ea03f elementor-section-boxed elementor-section-height-default elementor-section-height-default jltma-glass-effect-no\" data-id=\"e1ea03f\" data-element_type=\"section\" data-e-type=\"section\">\n\t\t\t\t\t\t<div class=\"elementor-container elementor-column-gap-default\">\n\t\t\t\t\t<div class=\"elementor-column elementor-col-50 elementor-inner-column elementor-element elementor-element-a81b6a1 jltma-glass-effect-no\" data-id=\"a81b6a1\" data-element_type=\"column\" data-e-type=\"column\">\n\t\t\t<div class=\"elementor-widget-wrap elementor-element-populated\">\n\t\t\t\t\t\t<div class=\"elementor-element elementor-element-b555c5f elementor-align-right elementor-mobile-align-center jltma-glass-effect-no elementor-widget elementor-widget-button\" data-id=\"b555c5f\" data-element_type=\"widget\" data-e-type=\"widget\" data-widget_type=\"button.default\">\n\t\t\t\t<div class=\"elementor-widget-container\">\n\t\t\t\t\t\t\t\t\t<div class=\"elementor-button-wrapper\">\n\t\t\t\t\t<a class=\"elementor-button elementor-button-link elementor-size-sm\" href=\"https:\/\/api.whatsapp.com\/send?phone=+573175151360&#038;text=%C2%A1Hola!%20Quiero%20informaci%C3%B3n%20de%20los%20servicios%20de%20SUPERCARGO\">\n\t\t\t\t\t\t<span class=\"elementor-button-content-wrapper\">\n\t\t\t\t\t\t<span class=\"elementor-button-icon\">\n\t\t\t\t<i aria-hidden=\"true\" class=\"im im-whatsapp\"><\/i>\t\t\t<\/span>\n\t\t\t\t\t\t\t\t\t<span class=\"elementor-button-text\">Cont\u00e1ctanos por whatsapp<\/span>\n\t\t\t\t\t<\/span>\n\t\t\t\t\t<\/a>\n\t\t\t\t<\/div>\n\t\t\t\t\t\t\t\t<\/div>\n\t\t\t\t<\/div>\n\t\t\t\t\t<\/div>\n\t\t<\/div>\n\t\t\t\t<div class=\"elementor-column elementor-col-50 elementor-inner-column elementor-element elementor-element-f5d29bd jltma-glass-effect-no\" data-id=\"f5d29bd\" data-element_type=\"column\" data-e-type=\"column\">\n\t\t\t<div class=\"elementor-widget-wrap elementor-element-populated\">\n\t\t\t\t\t\t<div class=\"elementor-element elementor-element-3cb80af elementor-align-left elementor-mobile-align-center jltma-glass-effect-no elementor-widget elementor-widget-button\" data-id=\"3cb80af\" data-element_type=\"widget\" data-e-type=\"widget\" data-widget_type=\"button.default\">\n\t\t\t\t<div class=\"elementor-widget-container\">\n\t\t\t\t\t\t\t\t\t<div class=\"elementor-button-wrapper\">\n\t\t\t\t\t<a class=\"elementor-button elementor-button-link elementor-size-sm\" href=\"https:\/\/www.supercargo.com.co\/?page_id=1542\">\n\t\t\t\t\t\t<span class=\"elementor-button-content-wrapper\">\n\t\t\t\t\t\t<span class=\"elementor-button-icon\">\n\t\t\t\t<i aria-hidden=\"true\" class=\"far fa-envelope\"><\/i>\t\t\t<\/span>\n\t\t\t\t\t\t\t\t\t<span class=\"elementor-button-text\">solicita cotizaci\u00f3n<\/span>\n\t\t\t\t\t<\/span>\n\t\t\t\t\t<\/a>\n\t\t\t\t<\/div>\n\t\t\t\t\t\t\t\t<\/div>\n\t\t\t\t<\/div>\n\t\t\t\t\t<\/div>\n\t\t<\/div>\n\t\t\t\t\t<\/div>\n\t\t<\/section>\n\t\t\t\t\t<\/div>\n\t\t<\/div>\n\t\t\t\t\t<\/div>\n\t\t<\/section>\n\t\t\t\t<\/div>\n\t\t","protected":false},"excerpt":{"rendered":"<p>Agenciamiento Aduanero Para el \u00e9xito de sus operaciones, ofrecemos un servicio integral de Comercio Exterior que incluye la asesor\u00eda y orientaci\u00f3n en todos los aspectos de \u00e9ste, estructurado como una herramienta para su beneficio, atravez de nuestro aliado estrat\u00e9gico AGENCIA DE ADUANAS CONTINENTAL DE ADUANAS S.A.S. Nivel 1 \u00bfQuieres atenci\u00f3n personalizada para el manejo de &#8230; <a title=\"Agenciamiento Aduanero\" class=\"read-more\" href=\"https:\/\/www.supercargo.com.co\/?page_id=1478\" aria-label=\"M\u00e1s en Agenciamiento Aduanero\">Leer m\u00e1s<\/a><\/p>\n","protected":false},"author":1,"featured_media":0,"parent":0,"menu_order":0,"comment_status":"closed","ping_status":"closed","template":"elementor_header_footer","meta":{"_joinchat":[],"footnotes":""},"class_list":["post-1478","page","type-page","status-publish"],"yoast_head":"<!-- This site is optimized with the Yoast SEO plugin v27.3 - https:\/\/yoast.com\/product\/yoast-seo-wordpress\/ -->\n<title>Agenciamiento Aduanero - Supercargo<\/title>\n<meta name=\"robots\" content=\"index, follow, max-snippet:-1, max-image-preview:large, max-video-preview:-1\" \/>\n<link rel=\"canonical\" href=\"https:\/\/www.supercargo.com.co\/?page_id=1478\" \/>\n<meta property=\"og:locale\" content=\"es_ES\" \/>\n<meta property=\"og:type\" content=\"article\" \/>\n<meta property=\"og:title\" content=\"Agenciamiento Aduanero - Supercargo\" \/>\n<meta property=\"og:description\" content=\"Agenciamiento Aduanero Para el \u00e9xito de sus operaciones, ofrecemos un servicio integral de Comercio Exterior que incluye la asesor\u00eda y orientaci\u00f3n en todos los aspectos de \u00e9ste, estructurado como una herramienta para su beneficio, atravez de nuestro aliado estrat\u00e9gico AGENCIA DE ADUANAS CONTINENTAL DE ADUANAS S.A.S. Nivel 1 \u00bfQuieres atenci\u00f3n personalizada para el manejo de ... Leer m\u00e1s\" \/>\n<meta property=\"og:url\" content=\"https:\/\/www.supercargo.com.co\/?page_id=1478\" \/>\n<meta property=\"og:site_name\" content=\"Supercargo\" \/>\n<meta property=\"article:modified_time\" content=\"2022-08-26T02:32:01+00:00\" \/>\n<meta name=\"twitter:card\" content=\"summary_large_image\" \/>\n<meta name=\"twitter:label1\" content=\"Tiempo de lectura\" \/>\n\t<meta name=\"twitter:data1\" content=\"1 minuto\" \/>\n<script type=\"application\/ld+json\" class=\"yoast-schema-graph\">{\"@context\":\"https:\\\/\\\/schema.org\",\"@graph\":[{\"@type\":\"WebPage\",\"@id\":\"https:\\\/\\\/www.supercargo.com.co\\\/?page_id=1478\",\"url\":\"https:\\\/\\\/www.supercargo.com.co\\\/?page_id=1478\",\"name\":\"Agenciamiento Aduanero - Supercargo\",\"isPartOf\":{\"@id\":\"https:\\\/\\\/www.supercargo.com.co\\\/#website\"},\"datePublished\":\"2022-08-04T05:00:09+00:00\",\"dateModified\":\"2022-08-26T02:32:01+00:00\",\"breadcrumb\":{\"@id\":\"https:\\\/\\\/www.supercargo.com.co\\\/?page_id=1478#breadcrumb\"},\"inLanguage\":\"es\",\"potentialAction\":[{\"@type\":\"ReadAction\",\"target\":[\"https:\\\/\\\/www.supercargo.com.co\\\/?page_id=1478\"]}]},{\"@type\":\"BreadcrumbList\",\"@id\":\"https:\\\/\\\/www.supercargo.com.co\\\/?page_id=1478#breadcrumb\",\"itemListElement\":[{\"@type\":\"ListItem\",\"position\":1,\"name\":\"Portada\",\"item\":\"https:\\\/\\\/www.supercargo.com.co\\\/\"},{\"@type\":\"ListItem\",\"position\":2,\"name\":\"Agenciamiento Aduanero\"}]},{\"@type\":\"WebSite\",\"@id\":\"https:\\\/\\\/www.supercargo.com.co\\\/#website\",\"url\":\"https:\\\/\\\/www.supercargo.com.co\\\/\",\"name\":\"Supercargo\",\"description\":\"Supercargo\",\"publisher\":{\"@id\":\"https:\\\/\\\/www.supercargo.com.co\\\/#organization\"},\"potentialAction\":[{\"@type\":\"SearchAction\",\"target\":{\"@type\":\"EntryPoint\",\"urlTemplate\":\"https:\\\/\\\/www.supercargo.com.co\\\/?s={search_term_string}\"},\"query-input\":{\"@type\":\"PropertyValueSpecification\",\"valueRequired\":true,\"valueName\":\"search_term_string\"}}],\"inLanguage\":\"es\"},{\"@type\":\"Organization\",\"@id\":\"https:\\\/\\\/www.supercargo.com.co\\\/#organization\",\"name\":\"Supercargo\",\"url\":\"https:\\\/\\\/www.supercargo.com.co\\\/\",\"logo\":{\"@type\":\"ImageObject\",\"inLanguage\":\"es\",\"@id\":\"https:\\\/\\\/www.supercargo.com.co\\\/#\\\/schema\\\/logo\\\/image\\\/\",\"url\":\"https:\\\/\\\/www.supercargo.com.co\\\/wp-content\\\/uploads\\\/2022\\\/08\\\/LOGO-SUPERCARGO.png\",\"contentUrl\":\"https:\\\/\\\/www.supercargo.com.co\\\/wp-content\\\/uploads\\\/2022\\\/08\\\/LOGO-SUPERCARGO.png\",\"width\":660,\"height\":314,\"caption\":\"Supercargo\"},\"image\":{\"@id\":\"https:\\\/\\\/www.supercargo.com.co\\\/#\\\/schema\\\/logo\\\/image\\\/\"}}]}<\/script>\n<!-- \/ Yoast SEO plugin. -->","yoast_head_json":{"title":"Agenciamiento Aduanero - Supercargo","robots":{"index":"index","follow":"follow","max-snippet":"max-snippet:-1","max-image-preview":"max-image-preview:large","max-video-preview":"max-video-preview:-1"},"canonical":"https:\/\/www.supercargo.com.co\/?page_id=1478","og_locale":"es_ES","og_type":"article","og_title":"Agenciamiento Aduanero - Supercargo","og_description":"Agenciamiento Aduanero Para el \u00e9xito de sus operaciones, ofrecemos un servicio integral de Comercio Exterior que incluye la asesor\u00eda y orientaci\u00f3n en todos los aspectos de \u00e9ste, estructurado como una herramienta para su beneficio, atravez de nuestro aliado estrat\u00e9gico AGENCIA DE ADUANAS CONTINENTAL DE ADUANAS S.A.S. Nivel 1 \u00bfQuieres atenci\u00f3n personalizada para el manejo de ... Leer m\u00e1s","og_url":"https:\/\/www.supercargo.com.co\/?page_id=1478","og_site_name":"Supercargo","article_modified_time":"2022-08-26T02:32:01+00:00","twitter_card":"summary_large_image","twitter_misc":{"Tiempo de lectura":"1 minuto"},"schema":{"@context":"https:\/\/schema.org","@graph":[{"@type":"WebPage","@id":"https:\/\/www.supercargo.com.co\/?page_id=1478","url":"https:\/\/www.supercargo.com.co\/?page_id=1478","name":"Agenciamiento Aduanero - Supercargo","isPartOf":{"@id":"https:\/\/www.supercargo.com.co\/#website"},"datePublished":"2022-08-04T05:00:09+00:00","dateModified":"2022-08-26T02:32:01+00:00","breadcrumb":{"@id":"https:\/\/www.supercargo.com.co\/?page_id=1478#breadcrumb"},"inLanguage":"es","potentialAction":[{"@type":"ReadAction","target":["https:\/\/www.supercargo.com.co\/?page_id=1478"]}]},{"@type":"BreadcrumbList","@id":"https:\/\/www.supercargo.com.co\/?page_id=1478#breadcrumb","itemListElement":[{"@type":"ListItem","position":1,"name":"Portada","item":"https:\/\/www.supercargo.com.co\/"},{"@type":"ListItem","position":2,"name":"Agenciamiento Aduanero"}]},{"@type":"WebSite","@id":"https:\/\/www.supercargo.com.co\/#website","url":"https:\/\/www.supercargo.com.co\/","name":"Supercargo","description":"Supercargo","publisher":{"@id":"https:\/\/www.supercargo.com.co\/#organization"},"potentialAction":[{"@type":"SearchAction","target":{"@type":"EntryPoint","urlTemplate":"https:\/\/www.supercargo.com.co\/?s={search_term_string}"},"query-input":{"@type":"PropertyValueSpecification","valueRequired":true,"valueName":"search_term_string"}}],"inLanguage":"es"},{"@type":"Organization","@id":"https:\/\/www.supercargo.com.co\/#organization","name":"Supercargo","url":"https:\/\/www.supercargo.com.co\/","logo":{"@type":"ImageObject","inLanguage":"es","@id":"https:\/\/www.supercargo.com.co\/#\/schema\/logo\/image\/","url":"https:\/\/www.supercargo.com.co\/wp-content\/uploads\/2022\/08\/LOGO-SUPERCARGO.png","contentUrl":"https:\/\/www.supercargo.com.co\/wp-content\/uploads\/2022\/08\/LOGO-SUPERCARGO.png","width":660,"height":314,"caption":"Supercargo"},"image":{"@id":"https:\/\/www.supercargo.com.co\/#\/schema\/logo\/image\/"}}]}},"_links":{"self":[{"href":"https:\/\/www.supercargo.com.co\/index.php?rest_route=\/wp\/v2\/pages\/1478","targetHints":{"allow":["GET"]}}],"collection":[{"href":"https:\/\/www.supercargo.com.co\/index.php?rest_route=\/wp\/v2\/pages"}],"about":[{"href":"https:\/\/www.supercargo.com.co\/index.php?rest_route=\/wp\/v2\/types\/page"}],"author":[{"embeddable":true,"href":"https:\/\/www.supercargo.com.co\/index.php?rest_route=\/wp\/v2\/users\/1"}],"replies":[{"embeddable":true,"href":"https:\/\/www.supercargo.com.co\/index.php?rest_route=%2Fwp%2Fv2%2Fcomments&post=1478"}],"version-history":[{"count":0,"href":"https:\/\/www.supercargo.com.co\/index.php?rest_route=\/wp\/v2\/pages\/1478\/revisions"}],"wp:attachment":[{"href":"https:\/\/www.supercargo.com.co\/index.php?rest_route=%2Fwp%2Fv2%2Fmedia&parent=1478"}],"curies":[{"name":"wp","href":"https:\/\/api.w.org\/{rel}","templated":true}]}}