{"id":1458,"date":"2022-08-04T04:56:41","date_gmt":"2022-08-04T04:56:41","guid":{"rendered":"https:\/\/www.supercargo.brandingsolutions.com.co\/?page_id=1458"},"modified":"2022-08-26T02:33:55","modified_gmt":"2022-08-26T02:33:55","slug":"integradores-logisticos","status":"publish","type":"page","link":"https:\/\/www.supercargo.com.co\/?page_id=1458","title":{"rendered":"Integradores Log\u00edsticos"},"content":{"rendered":"\t\t<div data-elementor-type=\"wp-page\" data-elementor-id=\"1458\" class=\"elementor elementor-1458\">\n\t\t\t\t\t\t<section class=\"elementor-section elementor-top-section elementor-element elementor-element-dd65136 elementor-section-stretched elementor-section-boxed elementor-section-height-default elementor-section-height-default jltma-glass-effect-no\" data-id=\"dd65136\" data-element_type=\"section\" data-e-type=\"section\" data-settings=\"{&quot;stretch_section&quot;:&quot;section-stretched&quot;,&quot;background_background&quot;:&quot;classic&quot;}\">\n\t\t\t\t\t\t\t<div class=\"elementor-background-overlay\"><\/div>\n\t\t\t\t\t\t\t<div class=\"elementor-container elementor-column-gap-default\">\n\t\t\t\t\t<div class=\"elementor-column elementor-col-50 elementor-top-column elementor-element elementor-element-a4ec449 jltma-glass-effect-no\" data-id=\"a4ec449\" data-element_type=\"column\" data-e-type=\"column\">\n\t\t\t<div class=\"elementor-widget-wrap elementor-element-populated\">\n\t\t\t\t\t\t<div class=\"elementor-element elementor-element-b3a08d9 jltma-glass-effect-no elementor-widget elementor-widget-heading\" data-id=\"b3a08d9\" data-element_type=\"widget\" data-e-type=\"widget\" data-widget_type=\"heading.default\">\n\t\t\t\t<div class=\"elementor-widget-container\">\n\t\t\t\t\t<h1 class=\"elementor-heading-title elementor-size-default\">Integradores Log\u00edsticos<\/h1>\t\t\t\t<\/div>\n\t\t\t\t<\/div>\n\t\t\t\t<section class=\"elementor-section elementor-inner-section elementor-element elementor-element-c63531a elementor-section-boxed elementor-section-height-default elementor-section-height-default jltma-glass-effect-no elementor-invisible\" data-id=\"c63531a\" data-element_type=\"section\" data-e-type=\"section\" data-settings=\"{&quot;animation&quot;:&quot;fadeInUp&quot;}\">\n\t\t\t\t\t\t<div class=\"elementor-container elementor-column-gap-default\">\n\t\t\t\t\t<div class=\"elementor-column elementor-col-33 elementor-inner-column elementor-element elementor-element-625e862 jltma-glass-effect-no\" data-id=\"625e862\" data-element_type=\"column\" data-e-type=\"column\">\n\t\t\t<div class=\"elementor-widget-wrap elementor-element-populated\">\n\t\t\t\t\t\t<div class=\"elementor-element elementor-element-f33caea elementor-view-default jltma-glass-effect-no elementor-widget elementor-widget-icon\" data-id=\"f33caea\" data-element_type=\"widget\" data-e-type=\"widget\" data-widget_type=\"icon.default\">\n\t\t\t\t<div class=\"elementor-widget-container\">\n\t\t\t\t\t\t\t<div class=\"elementor-icon-wrapper\">\n\t\t\t<div class=\"elementor-icon\">\n\t\t\t<i aria-hidden=\"true\" class=\"fas fa-plane\"><\/i>\t\t\t<\/div>\n\t\t<\/div>\n\t\t\t\t\t\t<\/div>\n\t\t\t\t<\/div>\n\t\t\t\t\t<\/div>\n\t\t<\/div>\n\t\t\t\t<div class=\"elementor-column elementor-col-33 elementor-inner-column elementor-element elementor-element-13773d0 jltma-glass-effect-no\" data-id=\"13773d0\" data-element_type=\"column\" data-e-type=\"column\">\n\t\t\t<div class=\"elementor-widget-wrap elementor-element-populated\">\n\t\t\t\t\t\t<div class=\"elementor-element elementor-element-83f830c elementor-view-default jltma-glass-effect-no elementor-widget elementor-widget-icon\" data-id=\"83f830c\" data-element_type=\"widget\" data-e-type=\"widget\" data-widget_type=\"icon.default\">\n\t\t\t\t<div class=\"elementor-widget-container\">\n\t\t\t\t\t\t\t<div class=\"elementor-icon-wrapper\">\n\t\t\t<div class=\"elementor-icon\">\n\t\t\t<i aria-hidden=\"true\" class=\"fas fa-shipping-fast\"><\/i>\t\t\t<\/div>\n\t\t<\/div>\n\t\t\t\t\t\t<\/div>\n\t\t\t\t<\/div>\n\t\t\t\t\t<\/div>\n\t\t<\/div>\n\t\t\t\t<div class=\"elementor-column elementor-col-33 elementor-inner-column elementor-element elementor-element-eed8e4f jltma-glass-effect-no\" data-id=\"eed8e4f\" data-element_type=\"column\" data-e-type=\"column\">\n\t\t\t<div class=\"elementor-widget-wrap elementor-element-populated\">\n\t\t\t\t\t\t<div class=\"elementor-element elementor-element-6127e81 elementor-view-default jltma-glass-effect-no elementor-widget elementor-widget-icon\" data-id=\"6127e81\" data-element_type=\"widget\" data-e-type=\"widget\" data-widget_type=\"icon.default\">\n\t\t\t\t<div class=\"elementor-widget-container\">\n\t\t\t\t\t\t\t<div class=\"elementor-icon-wrapper\">\n\t\t\t<div class=\"elementor-icon\">\n\t\t\t<i aria-hidden=\"true\" class=\"fas fa-ship\"><\/i>\t\t\t<\/div>\n\t\t<\/div>\n\t\t\t\t\t\t<\/div>\n\t\t\t\t<\/div>\n\t\t\t\t\t<\/div>\n\t\t<\/div>\n\t\t\t\t\t<\/div>\n\t\t<\/section>\n\t\t\t\t\t<\/div>\n\t\t<\/div>\n\t\t\t\t<div class=\"elementor-column elementor-col-50 elementor-top-column elementor-element elementor-element-0e231d0 jltma-glass-effect-no\" data-id=\"0e231d0\" data-element_type=\"column\" data-e-type=\"column\">\n\t\t\t<div class=\"elementor-widget-wrap\">\n\t\t\t\t\t\t\t<\/div>\n\t\t<\/div>\n\t\t\t\t\t<\/div>\n\t\t<\/section>\n\t\t\t\t<section class=\"elementor-section elementor-top-section elementor-element elementor-element-4b7ef26 elementor-section-boxed elementor-section-height-default elementor-section-height-default jltma-glass-effect-no\" data-id=\"4b7ef26\" data-element_type=\"section\" data-e-type=\"section\">\n\t\t\t\t\t\t<div class=\"elementor-container elementor-column-gap-default\">\n\t\t\t\t\t<div class=\"elementor-column elementor-col-100 elementor-top-column elementor-element elementor-element-7fce950 jltma-glass-effect-no\" data-id=\"7fce950\" data-element_type=\"column\" data-e-type=\"column\">\n\t\t\t<div class=\"elementor-widget-wrap elementor-element-populated\">\n\t\t\t\t\t\t<section class=\"elementor-section elementor-inner-section elementor-element elementor-element-3449860 elementor-section-full_width elementor-section-height-default elementor-section-height-default jltma-glass-effect-no\" data-id=\"3449860\" data-element_type=\"section\" data-e-type=\"section\">\n\t\t\t\t\t\t<div class=\"elementor-container elementor-column-gap-default\">\n\t\t\t\t\t<div class=\"elementor-column elementor-col-50 elementor-inner-column elementor-element elementor-element-beaf67e jltma-glass-effect-no\" data-id=\"beaf67e\" data-element_type=\"column\" data-e-type=\"column\">\n\t\t\t<div class=\"elementor-widget-wrap elementor-element-populated\">\n\t\t\t\t\t\t<div class=\"elementor-element elementor-element-415a0f9 jltma-glass-effect-no elementor-widget elementor-widget-heading\" data-id=\"415a0f9\" data-element_type=\"widget\" data-e-type=\"widget\" data-widget_type=\"heading.default\">\n\t\t\t\t<div class=\"elementor-widget-container\">\n\t\t\t\t\t<h2 class=\"elementor-heading-title elementor-size-default\">Las nuevas corrientes de los negocios internacionales obligan a contar con operadores que desarrollen la mayor parte de la cadena de suministro para contar con un conocimiento real y eficiente del manejo de sus cargas a trav\u00e9s del mundo. Hoy Supercargo S.A. cuenta con las herramientas y el recurso humano propio para desarrollar la integraci\u00f3n de los procesos que le generan a los Clientes la tranquilidad en el movimiento de sus mercanc\u00edas. <\/h2>\t\t\t\t<\/div>\n\t\t\t\t<\/div>\n\t\t\t\t<div class=\"elementor-element elementor-element-9166e0a jltma-glass-effect-no elementor-widget elementor-widget-heading\" data-id=\"9166e0a\" data-element_type=\"widget\" data-e-type=\"widget\" data-widget_type=\"heading.default\">\n\t\t\t\t<div class=\"elementor-widget-container\">\n\t\t\t\t\t<h2 class=\"elementor-heading-title elementor-size-default\">Por ello brindar soluciones a la medida permite que las Compa\u00f1\u00edas aseguren procesos entregando eficiencia e informaci\u00f3n en tiempos reales.<\/h2>\t\t\t\t<\/div>\n\t\t\t\t<\/div>\n\t\t\t\t\t<\/div>\n\t\t<\/div>\n\t\t\t\t<div class=\"elementor-column elementor-col-50 elementor-inner-column elementor-element elementor-element-7cf9a4b jltma-glass-effect-no\" data-id=\"7cf9a4b\" data-element_type=\"column\" data-e-type=\"column\">\n\t\t\t<div class=\"elementor-widget-wrap elementor-element-populated\">\n\t\t\t\t\t\t<div class=\"elementor-element elementor-element-8c98ebc jltma-glass-effect-no elementor-widget elementor-widget-image\" data-id=\"8c98ebc\" data-element_type=\"widget\" data-e-type=\"widget\" data-widget_type=\"image.default\">\n\t\t\t\t<div class=\"elementor-widget-container\">\n\t\t\t\t\t\t\t\t\t\t\t\t\t\t\t<img fetchpriority=\"high\" decoding=\"async\" width=\"900\" height=\"611\" src=\"https:\/\/www.supercargo.com.co\/wp-content\/uploads\/2022\/08\/Infografi\u0301a-PAGINA_-Supercargo_03.png\" class=\"attachment-large size-large wp-image-1600\" alt=\"\" srcset=\"https:\/\/www.supercargo.com.co\/wp-content\/uploads\/2022\/08\/Infografi\u0301a-PAGINA_-Supercargo_03.png 900w, https:\/\/www.supercargo.com.co\/wp-content\/uploads\/2022\/08\/Infografi\u0301a-PAGINA_-Supercargo_03-300x204.png 300w, https:\/\/www.supercargo.com.co\/wp-content\/uploads\/2022\/08\/Infografi\u0301a-PAGINA_-Supercargo_03-768x521.png 768w\" sizes=\"(max-width: 900px) 100vw, 900px\" \/>\t\t\t\t\t\t\t\t\t\t\t\t\t\t\t<\/div>\n\t\t\t\t<\/div>\n\t\t\t\t\t<\/div>\n\t\t<\/div>\n\t\t\t\t\t<\/div>\n\t\t<\/section>\n\t\t\t\t\t<\/div>\n\t\t<\/div>\n\t\t\t\t\t<\/div>\n\t\t<\/section>\n\t\t\t\t<section class=\"elementor-section elementor-top-section elementor-element elementor-element-6b6172e elementor-section-boxed elementor-section-height-default elementor-section-height-default jltma-glass-effect-no\" data-id=\"6b6172e\" data-element_type=\"section\" data-e-type=\"section\">\n\t\t\t\t\t\t<div class=\"elementor-container elementor-column-gap-default\">\n\t\t\t\t\t<div class=\"elementor-column elementor-col-100 elementor-top-column elementor-element elementor-element-fdb51e2 jltma-glass-effect-no\" data-id=\"fdb51e2\" data-element_type=\"column\" data-e-type=\"column\">\n\t\t\t<div class=\"elementor-widget-wrap elementor-element-populated\">\n\t\t\t\t\t\t<section class=\"elementor-section elementor-inner-section elementor-element elementor-element-0d62193 elementor-section-boxed elementor-section-height-default elementor-section-height-default jltma-glass-effect-no\" data-id=\"0d62193\" data-element_type=\"section\" data-e-type=\"section\">\n\t\t\t\t\t\t<div class=\"elementor-container elementor-column-gap-default\">\n\t\t\t\t\t<div class=\"elementor-column elementor-col-100 elementor-inner-column elementor-element elementor-element-d003524 jltma-glass-effect-no\" data-id=\"d003524\" data-element_type=\"column\" data-e-type=\"column\">\n\t\t\t<div class=\"elementor-widget-wrap elementor-element-populated\">\n\t\t\t\t\t\t<div class=\"elementor-element elementor-element-869de0b jltma-glass-effect-no elementor-widget elementor-widget-heading\" data-id=\"869de0b\" data-element_type=\"widget\" data-e-type=\"widget\" data-widget_type=\"heading.default\">\n\t\t\t\t<div class=\"elementor-widget-container\">\n\t\t\t\t\t<h2 class=\"elementor-heading-title elementor-size-default\">\u00bfQuieres atenci\u00f3n personalizada para el manejo de tu carga? <\/h2>\t\t\t\t<\/div>\n\t\t\t\t<\/div>\n\t\t\t\t<div class=\"elementor-element elementor-element-b83bebd jltma-glass-effect-no elementor-widget elementor-widget-text-editor\" data-id=\"b83bebd\" data-element_type=\"widget\" data-e-type=\"widget\" data-widget_type=\"text-editor.default\">\n\t\t\t\t<div class=\"elementor-widget-container\">\n\t\t\t\t\t\t\t\t\t<p>Cont\u00e1ctanos ahora, un asesor experto atender\u00e1 tu solicitud para ofrecerte la mejor soluci\u00f3n<\/p>\t\t\t\t\t\t\t\t<\/div>\n\t\t\t\t<\/div>\n\t\t\t\t\t<\/div>\n\t\t<\/div>\n\t\t\t\t\t<\/div>\n\t\t<\/section>\n\t\t\t\t\t<\/div>\n\t\t<\/div>\n\t\t\t\t\t<\/div>\n\t\t<\/section>\n\t\t\t\t<section class=\"elementor-section elementor-top-section elementor-element elementor-element-c26d0f8 elementor-section-boxed elementor-section-height-default elementor-section-height-default jltma-glass-effect-no\" data-id=\"c26d0f8\" data-element_type=\"section\" data-e-type=\"section\">\n\t\t\t\t\t\t<div class=\"elementor-container elementor-column-gap-default\">\n\t\t\t\t\t<div class=\"elementor-column elementor-col-100 elementor-top-column elementor-element elementor-element-e81091c jltma-glass-effect-no\" data-id=\"e81091c\" data-element_type=\"column\" data-e-type=\"column\">\n\t\t\t<div class=\"elementor-widget-wrap elementor-element-populated\">\n\t\t\t\t\t\t<section class=\"elementor-section elementor-inner-section elementor-element elementor-element-4d26eac elementor-section-boxed elementor-section-height-default elementor-section-height-default jltma-glass-effect-no\" data-id=\"4d26eac\" data-element_type=\"section\" data-e-type=\"section\">\n\t\t\t\t\t\t<div class=\"elementor-container elementor-column-gap-default\">\n\t\t\t\t\t<div class=\"elementor-column elementor-col-50 elementor-inner-column elementor-element elementor-element-29a5171 jltma-glass-effect-no\" data-id=\"29a5171\" data-element_type=\"column\" data-e-type=\"column\">\n\t\t\t<div class=\"elementor-widget-wrap elementor-element-populated\">\n\t\t\t\t\t\t<div class=\"elementor-element elementor-element-d051d56 elementor-align-right elementor-mobile-align-center jltma-glass-effect-no elementor-widget elementor-widget-button\" data-id=\"d051d56\" data-element_type=\"widget\" data-e-type=\"widget\" data-widget_type=\"button.default\">\n\t\t\t\t<div class=\"elementor-widget-container\">\n\t\t\t\t\t\t\t\t\t<div class=\"elementor-button-wrapper\">\n\t\t\t\t\t<a class=\"elementor-button elementor-button-link elementor-size-sm\" href=\"https:\/\/api.whatsapp.com\/send?phone=+573175151360&#038;text=%C2%A1Hola!%20Quiero%20informaci%C3%B3n%20de%20los%20servicios%20de%20SUPERCARGO\">\n\t\t\t\t\t\t<span class=\"elementor-button-content-wrapper\">\n\t\t\t\t\t\t<span class=\"elementor-button-icon\">\n\t\t\t\t<i aria-hidden=\"true\" class=\"im im-whatsapp\"><\/i>\t\t\t<\/span>\n\t\t\t\t\t\t\t\t\t<span class=\"elementor-button-text\">Cont\u00e1ctanos por whatsapp<\/span>\n\t\t\t\t\t<\/span>\n\t\t\t\t\t<\/a>\n\t\t\t\t<\/div>\n\t\t\t\t\t\t\t\t<\/div>\n\t\t\t\t<\/div>\n\t\t\t\t\t<\/div>\n\t\t<\/div>\n\t\t\t\t<div class=\"elementor-column elementor-col-50 elementor-inner-column elementor-element elementor-element-19a20fc jltma-glass-effect-no\" data-id=\"19a20fc\" data-element_type=\"column\" data-e-type=\"column\">\n\t\t\t<div class=\"elementor-widget-wrap elementor-element-populated\">\n\t\t\t\t\t\t<div class=\"elementor-element elementor-element-0c96c18 elementor-align-left elementor-mobile-align-center jltma-glass-effect-no elementor-widget elementor-widget-button\" data-id=\"0c96c18\" data-element_type=\"widget\" data-e-type=\"widget\" data-widget_type=\"button.default\">\n\t\t\t\t<div class=\"elementor-widget-container\">\n\t\t\t\t\t\t\t\t\t<div class=\"elementor-button-wrapper\">\n\t\t\t\t\t<a class=\"elementor-button elementor-button-link elementor-size-sm\" href=\"https:\/\/www.supercargo.com.co\/?page_id=1542\">\n\t\t\t\t\t\t<span class=\"elementor-button-content-wrapper\">\n\t\t\t\t\t\t<span class=\"elementor-button-icon\">\n\t\t\t\t<i aria-hidden=\"true\" class=\"far fa-envelope\"><\/i>\t\t\t<\/span>\n\t\t\t\t\t\t\t\t\t<span class=\"elementor-button-text\">solicita cotizaci\u00f3n<\/span>\n\t\t\t\t\t<\/span>\n\t\t\t\t\t<\/a>\n\t\t\t\t<\/div>\n\t\t\t\t\t\t\t\t<\/div>\n\t\t\t\t<\/div>\n\t\t\t\t\t<\/div>\n\t\t<\/div>\n\t\t\t\t\t<\/div>\n\t\t<\/section>\n\t\t\t\t\t<\/div>\n\t\t<\/div>\n\t\t\t\t\t<\/div>\n\t\t<\/section>\n\t\t\t\t<\/div>\n\t\t","protected":false},"excerpt":{"rendered":"<p>Integradores Log\u00edsticos Las nuevas corrientes de los negocios internacionales obligan a contar con operadores que desarrollen la mayor parte de la cadena de suministro para contar con un conocimiento real y eficiente del manejo de sus cargas a trav\u00e9s del mundo. Hoy Supercargo S.A. cuenta con las herramientas y el recurso humano propio para desarrollar &#8230; <a title=\"Integradores Log\u00edsticos\" class=\"read-more\" href=\"https:\/\/www.supercargo.com.co\/?page_id=1458\" aria-label=\"M\u00e1s en Integradores Log\u00edsticos\">Leer m\u00e1s<\/a><\/p>\n","protected":false},"author":1,"featured_media":0,"parent":0,"menu_order":0,"comment_status":"closed","ping_status":"closed","template":"elementor_header_footer","meta":{"_joinchat":[],"footnotes":""},"class_list":["post-1458","page","type-page","status-publish"],"yoast_head":"<!-- This site is optimized with the Yoast SEO plugin v27.3 - https:\/\/yoast.com\/product\/yoast-seo-wordpress\/ -->\n<title>Integradores Log\u00edsticos - Supercargo<\/title>\n<meta name=\"robots\" content=\"index, follow, max-snippet:-1, max-image-preview:large, max-video-preview:-1\" \/>\n<link rel=\"canonical\" href=\"https:\/\/www.supercargo.com.co\/?page_id=1458\" \/>\n<meta property=\"og:locale\" content=\"es_ES\" \/>\n<meta property=\"og:type\" content=\"article\" \/>\n<meta property=\"og:title\" content=\"Integradores Log\u00edsticos - Supercargo\" \/>\n<meta property=\"og:description\" content=\"Integradores Log\u00edsticos Las nuevas corrientes de los negocios internacionales obligan a contar con operadores que desarrollen la mayor parte de la cadena de suministro para contar con un conocimiento real y eficiente del manejo de sus cargas a trav\u00e9s del mundo. Hoy Supercargo S.A. cuenta con las herramientas y el recurso humano propio para desarrollar ... Leer m\u00e1s\" \/>\n<meta property=\"og:url\" content=\"https:\/\/www.supercargo.com.co\/?page_id=1458\" \/>\n<meta property=\"og:site_name\" content=\"Supercargo\" \/>\n<meta property=\"article:modified_time\" content=\"2022-08-26T02:33:55+00:00\" \/>\n<meta name=\"twitter:card\" content=\"summary_large_image\" \/>\n<meta name=\"twitter:label1\" content=\"Tiempo de lectura\" \/>\n\t<meta name=\"twitter:data1\" content=\"1 minuto\" \/>\n<script type=\"application\/ld+json\" class=\"yoast-schema-graph\">{\"@context\":\"https:\\\/\\\/schema.org\",\"@graph\":[{\"@type\":\"WebPage\",\"@id\":\"https:\\\/\\\/www.supercargo.com.co\\\/?page_id=1458\",\"url\":\"https:\\\/\\\/www.supercargo.com.co\\\/?page_id=1458\",\"name\":\"Integradores Log\u00edsticos - Supercargo\",\"isPartOf\":{\"@id\":\"https:\\\/\\\/www.supercargo.com.co\\\/#website\"},\"datePublished\":\"2022-08-04T04:56:41+00:00\",\"dateModified\":\"2022-08-26T02:33:55+00:00\",\"breadcrumb\":{\"@id\":\"https:\\\/\\\/www.supercargo.com.co\\\/?page_id=1458#breadcrumb\"},\"inLanguage\":\"es\",\"potentialAction\":[{\"@type\":\"ReadAction\",\"target\":[\"https:\\\/\\\/www.supercargo.com.co\\\/?page_id=1458\"]}]},{\"@type\":\"BreadcrumbList\",\"@id\":\"https:\\\/\\\/www.supercargo.com.co\\\/?page_id=1458#breadcrumb\",\"itemListElement\":[{\"@type\":\"ListItem\",\"position\":1,\"name\":\"Portada\",\"item\":\"https:\\\/\\\/www.supercargo.com.co\\\/\"},{\"@type\":\"ListItem\",\"position\":2,\"name\":\"Integradores Log\u00edsticos\"}]},{\"@type\":\"WebSite\",\"@id\":\"https:\\\/\\\/www.supercargo.com.co\\\/#website\",\"url\":\"https:\\\/\\\/www.supercargo.com.co\\\/\",\"name\":\"Supercargo\",\"description\":\"Supercargo\",\"publisher\":{\"@id\":\"https:\\\/\\\/www.supercargo.com.co\\\/#organization\"},\"potentialAction\":[{\"@type\":\"SearchAction\",\"target\":{\"@type\":\"EntryPoint\",\"urlTemplate\":\"https:\\\/\\\/www.supercargo.com.co\\\/?s={search_term_string}\"},\"query-input\":{\"@type\":\"PropertyValueSpecification\",\"valueRequired\":true,\"valueName\":\"search_term_string\"}}],\"inLanguage\":\"es\"},{\"@type\":\"Organization\",\"@id\":\"https:\\\/\\\/www.supercargo.com.co\\\/#organization\",\"name\":\"Supercargo\",\"url\":\"https:\\\/\\\/www.supercargo.com.co\\\/\",\"logo\":{\"@type\":\"ImageObject\",\"inLanguage\":\"es\",\"@id\":\"https:\\\/\\\/www.supercargo.com.co\\\/#\\\/schema\\\/logo\\\/image\\\/\",\"url\":\"https:\\\/\\\/www.supercargo.com.co\\\/wp-content\\\/uploads\\\/2022\\\/08\\\/LOGO-SUPERCARGO.png\",\"contentUrl\":\"https:\\\/\\\/www.supercargo.com.co\\\/wp-content\\\/uploads\\\/2022\\\/08\\\/LOGO-SUPERCARGO.png\",\"width\":660,\"height\":314,\"caption\":\"Supercargo\"},\"image\":{\"@id\":\"https:\\\/\\\/www.supercargo.com.co\\\/#\\\/schema\\\/logo\\\/image\\\/\"}}]}<\/script>\n<!-- \/ Yoast SEO plugin. -->","yoast_head_json":{"title":"Integradores Log\u00edsticos - Supercargo","robots":{"index":"index","follow":"follow","max-snippet":"max-snippet:-1","max-image-preview":"max-image-preview:large","max-video-preview":"max-video-preview:-1"},"canonical":"https:\/\/www.supercargo.com.co\/?page_id=1458","og_locale":"es_ES","og_type":"article","og_title":"Integradores Log\u00edsticos - Supercargo","og_description":"Integradores Log\u00edsticos Las nuevas corrientes de los negocios internacionales obligan a contar con operadores que desarrollen la mayor parte de la cadena de suministro para contar con un conocimiento real y eficiente del manejo de sus cargas a trav\u00e9s del mundo. Hoy Supercargo S.A. cuenta con las herramientas y el recurso humano propio para desarrollar ... Leer m\u00e1s","og_url":"https:\/\/www.supercargo.com.co\/?page_id=1458","og_site_name":"Supercargo","article_modified_time":"2022-08-26T02:33:55+00:00","twitter_card":"summary_large_image","twitter_misc":{"Tiempo de lectura":"1 minuto"},"schema":{"@context":"https:\/\/schema.org","@graph":[{"@type":"WebPage","@id":"https:\/\/www.supercargo.com.co\/?page_id=1458","url":"https:\/\/www.supercargo.com.co\/?page_id=1458","name":"Integradores Log\u00edsticos - Supercargo","isPartOf":{"@id":"https:\/\/www.supercargo.com.co\/#website"},"datePublished":"2022-08-04T04:56:41+00:00","dateModified":"2022-08-26T02:33:55+00:00","breadcrumb":{"@id":"https:\/\/www.supercargo.com.co\/?page_id=1458#breadcrumb"},"inLanguage":"es","potentialAction":[{"@type":"ReadAction","target":["https:\/\/www.supercargo.com.co\/?page_id=1458"]}]},{"@type":"BreadcrumbList","@id":"https:\/\/www.supercargo.com.co\/?page_id=1458#breadcrumb","itemListElement":[{"@type":"ListItem","position":1,"name":"Portada","item":"https:\/\/www.supercargo.com.co\/"},{"@type":"ListItem","position":2,"name":"Integradores Log\u00edsticos"}]},{"@type":"WebSite","@id":"https:\/\/www.supercargo.com.co\/#website","url":"https:\/\/www.supercargo.com.co\/","name":"Supercargo","description":"Supercargo","publisher":{"@id":"https:\/\/www.supercargo.com.co\/#organization"},"potentialAction":[{"@type":"SearchAction","target":{"@type":"EntryPoint","urlTemplate":"https:\/\/www.supercargo.com.co\/?s={search_term_string}"},"query-input":{"@type":"PropertyValueSpecification","valueRequired":true,"valueName":"search_term_string"}}],"inLanguage":"es"},{"@type":"Organization","@id":"https:\/\/www.supercargo.com.co\/#organization","name":"Supercargo","url":"https:\/\/www.supercargo.com.co\/","logo":{"@type":"ImageObject","inLanguage":"es","@id":"https:\/\/www.supercargo.com.co\/#\/schema\/logo\/image\/","url":"https:\/\/www.supercargo.com.co\/wp-content\/uploads\/2022\/08\/LOGO-SUPERCARGO.png","contentUrl":"https:\/\/www.supercargo.com.co\/wp-content\/uploads\/2022\/08\/LOGO-SUPERCARGO.png","width":660,"height":314,"caption":"Supercargo"},"image":{"@id":"https:\/\/www.supercargo.com.co\/#\/schema\/logo\/image\/"}}]}},"_links":{"self":[{"href":"https:\/\/www.supercargo.com.co\/index.php?rest_route=\/wp\/v2\/pages\/1458","targetHints":{"allow":["GET"]}}],"collection":[{"href":"https:\/\/www.supercargo.com.co\/index.php?rest_route=\/wp\/v2\/pages"}],"about":[{"href":"https:\/\/www.supercargo.com.co\/index.php?rest_route=\/wp\/v2\/types\/page"}],"author":[{"embeddable":true,"href":"https:\/\/www.supercargo.com.co\/index.php?rest_route=\/wp\/v2\/users\/1"}],"replies":[{"embeddable":true,"href":"https:\/\/www.supercargo.com.co\/index.php?rest_route=%2Fwp%2Fv2%2Fcomments&post=1458"}],"version-history":[{"count":0,"href":"https:\/\/www.supercargo.com.co\/index.php?rest_route=\/wp\/v2\/pages\/1458\/revisions"}],"wp:attachment":[{"href":"https:\/\/www.supercargo.com.co\/index.php?rest_route=%2Fwp%2Fv2%2Fmedia&parent=1458"}],"curies":[{"name":"wp","href":"https:\/\/api.w.org\/{rel}","templated":true}]}}